{"id":10,"date":"2025-03-19T09:51:07","date_gmt":"2025-03-19T08:51:07","guid":{"rendered":"https:\/\/www.perf-solutions.com\/wp2\/?page_id=10"},"modified":"2025-05-26T06:12:31","modified_gmt":"2025-05-26T04:12:31","slug":"fonctionnalites","status":"publish","type":"page","link":"https:\/\/www.perf-solutions.com\/en\/fonctionnalites","title":{"rendered":"Features"},"content":{"rendered":"","protected":false},"excerpt":{"rendered":"","protected":false},"author":1,"featured_media":0,"parent":0,"menu_order":0,"comment_status":"closed","ping_status":"closed","template":"fonctionnalites.php","meta":{"_acf_changed":false,"footnotes":""},"class_list":["post-10","page","type-page","status-publish","hentry"],"acf":[],"yoast_head":"<!-- This site is optimized with the Yoast SEO plugin v25.1 - https:\/\/yoast.com\/wordpress\/plugins\/seo\/ -->\n<title>PERF - R\u00e9inventer l\u2019efficacit\u00e9 industrielle - Fonctionnalit\u00e9s<\/title>\n<meta name=\"description\" content=\"Explorez les fonctionnalit\u00e9s de PERF, incluant la gestion \u00e9lectronique des documents, le suivi de production MES et la plateforme de gestion QHSE pour optimiser vos op\u00e9rations industrielles.\" \/>\n<meta name=\"robots\" content=\"index, follow, max-snippet:-1, max-image-preview:large, max-video-preview:-1\" \/>\n<link rel=\"canonical\" href=\"https:\/\/www.perf-solutions.com\/en\/fonctionnalites\/\" \/>\n<meta property=\"og:locale\" content=\"en_GB\" \/>\n<meta property=\"og:type\" content=\"article\" \/>\n<meta property=\"og:title\" content=\"PERF - R\u00e9inventer l\u2019efficacit\u00e9 industrielle - Fonctionnalit\u00e9s\" \/>\n<meta property=\"og:description\" content=\"Explorez les fonctionnalit\u00e9s de PERF, incluant la gestion \u00e9lectronique des documents, le suivi de production MES et la plateforme de gestion QHSE pour optimiser vos op\u00e9rations industrielles.\" \/>\n<meta property=\"og:url\" content=\"https:\/\/www.perf-solutions.com\/en\/fonctionnalites\/\" \/>\n<meta property=\"og:site_name\" content=\"PERF - R\u00e9inventer l\u2019efficacit\u00e9 industrielle\" \/>\n<meta property=\"article:modified_time\" content=\"2025-05-26T04:12:31+00:00\" \/>\n<meta name=\"twitter:card\" content=\"summary_large_image\" \/>\n<script type=\"application\/ld+json\" class=\"yoast-schema-graph\">{\"@context\":\"https:\/\/schema.org\",\"@graph\":[{\"@type\":\"WebPage\",\"@id\":\"https:\/\/www.perf-solutions.com\/fonctionnalites\",\"url\":\"https:\/\/www.perf-solutions.com\/fonctionnalites\",\"name\":\"PERF - R\u00e9inventer l\u2019efficacit\u00e9 industrielle - Fonctionnalit\u00e9s\",\"isPartOf\":{\"@id\":\"https:\/\/www.perf-solutions.com\/#website\"},\"datePublished\":\"2025-03-19T08:51:07+00:00\",\"dateModified\":\"2025-05-26T04:12:31+00:00\",\"description\":\"Explorez les fonctionnalit\u00e9s de PERF, incluant la gestion \u00e9lectronique des documents, le suivi de production MES et la plateforme de gestion QHSE pour optimiser vos op\u00e9rations industrielles.\",\"breadcrumb\":{\"@id\":\"https:\/\/www.perf-solutions.com\/fonctionnalites#breadcrumb\"},\"inLanguage\":\"en-GB\",\"potentialAction\":[{\"@type\":\"ReadAction\",\"target\":[\"https:\/\/www.perf-solutions.com\/fonctionnalites\"]}]},{\"@type\":\"BreadcrumbList\",\"@id\":\"https:\/\/www.perf-solutions.com\/fonctionnalites#breadcrumb\",\"itemListElement\":[{\"@type\":\"ListItem\",\"position\":1,\"name\":\"Accueil\",\"item\":\"https:\/\/www.perf-solutions.com\/\"},{\"@type\":\"ListItem\",\"position\":2,\"name\":\"Fonctionnalit\u00e9s\"}]},{\"@type\":\"WebSite\",\"@id\":\"https:\/\/www.perf-solutions.com\/#website\",\"url\":\"https:\/\/www.perf-solutions.com\/\",\"name\":\"PERF - R\u00e9inventer l\u2019efficacit\u00e9 industrielle\",\"description\":\"Tous vos besoins de digitalisation industrielle, rassembl\u00e9s sur une m\u00eame plateforme\",\"potentialAction\":[{\"@type\":\"SearchAction\",\"target\":{\"@type\":\"EntryPoint\",\"urlTemplate\":\"https:\/\/www.perf-solutions.com\/?s={search_term_string}\"},\"query-input\":{\"@type\":\"PropertyValueSpecification\",\"valueRequired\":true,\"valueName\":\"search_term_string\"}}],\"inLanguage\":\"en-GB\"}]}<\/script>\n<!-- \/ Yoast SEO plugin. -->","yoast_head_json":{"title":"PERF - R\u00e9inventer l\u2019efficacit\u00e9 industrielle - Fonctionnalit\u00e9s","description":"Explorez les fonctionnalit\u00e9s de PERF, incluant la gestion \u00e9lectronique des documents, le suivi de production MES et la plateforme de gestion QHSE pour optimiser vos op\u00e9rations industrielles.","robots":{"index":"index","follow":"follow","max-snippet":"max-snippet:-1","max-image-preview":"max-image-preview:large","max-video-preview":"max-video-preview:-1"},"canonical":"https:\/\/www.perf-solutions.com\/en\/fonctionnalites\/","og_locale":"en_GB","og_type":"article","og_title":"PERF - R\u00e9inventer l\u2019efficacit\u00e9 industrielle - Fonctionnalit\u00e9s","og_description":"Explorez les fonctionnalit\u00e9s de PERF, incluant la gestion \u00e9lectronique des documents, le suivi de production MES et la plateforme de gestion QHSE pour optimiser vos op\u00e9rations industrielles.","og_url":"https:\/\/www.perf-solutions.com\/en\/fonctionnalites\/","og_site_name":"PERF - R\u00e9inventer l\u2019efficacit\u00e9 industrielle","article_modified_time":"2025-05-26T04:12:31+00:00","twitter_card":"summary_large_image","schema":{"@context":"https:\/\/schema.org","@graph":[{"@type":"WebPage","@id":"https:\/\/www.perf-solutions.com\/fonctionnalites","url":"https:\/\/www.perf-solutions.com\/fonctionnalites","name":"PERF - R\u00e9inventer l\u2019efficacit\u00e9 industrielle - Fonctionnalit\u00e9s","isPartOf":{"@id":"https:\/\/www.perf-solutions.com\/#website"},"datePublished":"2025-03-19T08:51:07+00:00","dateModified":"2025-05-26T04:12:31+00:00","description":"Explorez les fonctionnalit\u00e9s de PERF, incluant la gestion \u00e9lectronique des documents, le suivi de production MES et la plateforme de gestion QHSE pour optimiser vos op\u00e9rations industrielles.","breadcrumb":{"@id":"https:\/\/www.perf-solutions.com\/fonctionnalites#breadcrumb"},"inLanguage":"en-GB","potentialAction":[{"@type":"ReadAction","target":["https:\/\/www.perf-solutions.com\/fonctionnalites"]}]},{"@type":"BreadcrumbList","@id":"https:\/\/www.perf-solutions.com\/fonctionnalites#breadcrumb","itemListElement":[{"@type":"ListItem","position":1,"name":"Accueil","item":"https:\/\/www.perf-solutions.com\/"},{"@type":"ListItem","position":2,"name":"Fonctionnalit\u00e9s"}]},{"@type":"WebSite","@id":"https:\/\/www.perf-solutions.com\/#website","url":"https:\/\/www.perf-solutions.com\/","name":"PERF - R\u00e9inventer l\u2019efficacit\u00e9 industrielle","description":"Tous vos besoins de digitalisation industrielle, rassembl\u00e9s sur une m\u00eame plateforme","potentialAction":[{"@type":"SearchAction","target":{"@type":"EntryPoint","urlTemplate":"https:\/\/www.perf-solutions.com\/?s={search_term_string}"},"query-input":{"@type":"PropertyValueSpecification","valueRequired":true,"valueName":"search_term_string"}}],"inLanguage":"en-GB"}]}},"_links":{"self":[{"href":"https:\/\/www.perf-solutions.com\/en\/wp-json\/wp\/v2\/pages\/10","targetHints":{"allow":["GET"]}}],"collection":[{"href":"https:\/\/www.perf-solutions.com\/en\/wp-json\/wp\/v2\/pages"}],"about":[{"href":"https:\/\/www.perf-solutions.com\/en\/wp-json\/wp\/v2\/types\/page"}],"author":[{"embeddable":true,"href":"https:\/\/www.perf-solutions.com\/en\/wp-json\/wp\/v2\/users\/1"}],"replies":[{"embeddable":true,"href":"https:\/\/www.perf-solutions.com\/en\/wp-json\/wp\/v2\/comments?post=10"}],"version-history":[{"count":3,"href":"https:\/\/www.perf-solutions.com\/en\/wp-json\/wp\/v2\/pages\/10\/revisions"}],"predecessor-version":[{"id":333,"href":"https:\/\/www.perf-solutions.com\/en\/wp-json\/wp\/v2\/pages\/10\/revisions\/333"}],"wp:attachment":[{"href":"https:\/\/www.perf-solutions.com\/en\/wp-json\/wp\/v2\/media?parent=10"}],"curies":[{"name":"wp","href":"https:\/\/api.w.org\/{rel}","templated":true}]}}