{"id":24,"date":"2025-03-19T10:07:55","date_gmt":"2025-03-19T09:07:55","guid":{"rendered":"https:\/\/www.perf-solutions.com\/wp2\/?page_id=24"},"modified":"2025-05-28T12:48:37","modified_gmt":"2025-05-28T10:48:37","slug":"contact","status":"publish","type":"page","link":"https:\/\/www.perf-solutions.com\/en\/contact","title":{"rendered":"Contact"},"content":{"rendered":"<article>\n<h1>Contact<br \/>\nour teams.<\/h1>\n<p>Would you like more information about our services, or would you like to contact one of our experts?<br \/>\nContact us using the details below, or fill in this form and our teams will call you back.<\/p>\n<p><img decoding=\"async\" src=\"https:\/\/www.perf-solutions.com\/wp-content\/uploads\/2025\/05\/contact-perf-300x188.jpg\" width=\"90%\" \/><\/p>\n<\/article>\n<article><strong>PERF<br \/>\n5 place des Alpes<br \/>\n75013 Paris &#8211; FRANCE<br \/>\n<a class=\"flat-link\" href=\"mailto:contact@perf-solutions.com\">contact@perf-solutions.com<\/a><\/strong><\/article>","protected":false},"excerpt":{"rendered":"<p>Contactez nos \u00e9quipes. Vous souhaitez obtenir plus de renseignements sur PERF et ses services, ou cherchez \u00e0 contacter une personne parmi nos experts\u00a0? Contactez-nous aux coordonn\u00e9es ci-dessous ou remplissez ce formulaire afin que nos \u00e9quipes vous apportent une r\u00e9ponse adapt\u00e9e. PERF 5 place des Alpes 75013 Paris &#8211; FRANCE contact@perf-solutions.com<\/p>","protected":false},"author":1,"featured_media":0,"parent":0,"menu_order":0,"comment_status":"closed","ping_status":"closed","template":"form.php","meta":{"_acf_changed":false,"footnotes":""},"class_list":["post-24","page","type-page","status-publish","hentry"],"acf":[],"yoast_head":"<!-- This site is optimized with the Yoast SEO plugin v25.1 - https:\/\/yoast.com\/wordpress\/plugins\/seo\/ -->\n<title>Contact - PERF - R\u00e9inventer l\u2019efficacit\u00e9 industrielle<\/title>\n<meta name=\"robots\" content=\"index, follow, max-snippet:-1, max-image-preview:large, max-video-preview:-1\" \/>\n<link rel=\"canonical\" href=\"https:\/\/www.perf-solutions.com\/en\/contact\/\" \/>\n<meta property=\"og:locale\" content=\"en_GB\" \/>\n<meta property=\"og:type\" content=\"article\" \/>\n<meta property=\"og:title\" content=\"Contact - PERF - R\u00e9inventer l\u2019efficacit\u00e9 industrielle\" \/>\n<meta property=\"og:description\" content=\"Contactez nos \u00e9quipes. Vous souhaitez obtenir plus de renseignements sur PERF et ses services, ou cherchez \u00e0 contacter une personne parmi nos experts\u00a0? Contactez-nous aux coordonn\u00e9es ci-dessous ou remplissez ce formulaire afin que nos \u00e9quipes vous apportent une r\u00e9ponse adapt\u00e9e. PERF 5 place des Alpes 75013 Paris &#8211; FRANCE contact@perf-solutions.com\" \/>\n<meta property=\"og:url\" content=\"https:\/\/www.perf-solutions.com\/en\/contact\/\" \/>\n<meta property=\"og:site_name\" content=\"PERF - R\u00e9inventer l\u2019efficacit\u00e9 industrielle\" \/>\n<meta property=\"article:modified_time\" content=\"2025-05-28T10:48:37+00:00\" \/>\n<meta property=\"og:image\" content=\"https:\/\/www.perf-solutions.com\/wp-content\/uploads\/2025\/05\/contact-perf-300x188.jpg\" \/>\n<meta name=\"twitter:card\" content=\"summary_large_image\" \/>\n<meta name=\"twitter:label1\" content=\"Estimated reading time\" \/>\n\t<meta name=\"twitter:data1\" content=\"1 minute\" \/>\n<script type=\"application\/ld+json\" class=\"yoast-schema-graph\">{\"@context\":\"https:\/\/schema.org\",\"@graph\":[{\"@type\":\"WebPage\",\"@id\":\"https:\/\/www.perf-solutions.com\/contact\",\"url\":\"https:\/\/www.perf-solutions.com\/contact\",\"name\":\"Contact - PERF - R\u00e9inventer l\u2019efficacit\u00e9 industrielle\",\"isPartOf\":{\"@id\":\"https:\/\/www.perf-solutions.com\/#website\"},\"primaryImageOfPage\":{\"@id\":\"https:\/\/www.perf-solutions.com\/contact#primaryimage\"},\"image\":{\"@id\":\"https:\/\/www.perf-solutions.com\/contact#primaryimage\"},\"thumbnailUrl\":\"https:\/\/www.perf-solutions.com\/wp-content\/uploads\/2025\/05\/contact-perf-300x188.jpg\",\"datePublished\":\"2025-03-19T09:07:55+00:00\",\"dateModified\":\"2025-05-28T10:48:37+00:00\",\"breadcrumb\":{\"@id\":\"https:\/\/www.perf-solutions.com\/contact#breadcrumb\"},\"inLanguage\":\"en-GB\",\"potentialAction\":[{\"@type\":\"ReadAction\",\"target\":[\"https:\/\/www.perf-solutions.com\/contact\"]}]},{\"@type\":\"ImageObject\",\"inLanguage\":\"en-GB\",\"@id\":\"https:\/\/www.perf-solutions.com\/contact#primaryimage\",\"url\":\"https:\/\/www.perf-solutions.com\/wp-content\/uploads\/2025\/05\/contact-perf-300x188.jpg\",\"contentUrl\":\"https:\/\/www.perf-solutions.com\/wp-content\/uploads\/2025\/05\/contact-perf-300x188.jpg\"},{\"@type\":\"BreadcrumbList\",\"@id\":\"https:\/\/www.perf-solutions.com\/contact#breadcrumb\",\"itemListElement\":[{\"@type\":\"ListItem\",\"position\":1,\"name\":\"Accueil\",\"item\":\"https:\/\/www.perf-solutions.com\/\"},{\"@type\":\"ListItem\",\"position\":2,\"name\":\"Contact\"}]},{\"@type\":\"WebSite\",\"@id\":\"https:\/\/www.perf-solutions.com\/#website\",\"url\":\"https:\/\/www.perf-solutions.com\/\",\"name\":\"PERF - R\u00e9inventer l\u2019efficacit\u00e9 industrielle\",\"description\":\"Tous vos besoins de digitalisation industrielle, rassembl\u00e9s sur une m\u00eame plateforme\",\"potentialAction\":[{\"@type\":\"SearchAction\",\"target\":{\"@type\":\"EntryPoint\",\"urlTemplate\":\"https:\/\/www.perf-solutions.com\/?s={search_term_string}\"},\"query-input\":{\"@type\":\"PropertyValueSpecification\",\"valueRequired\":true,\"valueName\":\"search_term_string\"}}],\"inLanguage\":\"en-GB\"}]}<\/script>\n<!-- \/ Yoast SEO plugin. -->","yoast_head_json":{"title":"Contact - PERF - R\u00e9inventer l\u2019efficacit\u00e9 industrielle","robots":{"index":"index","follow":"follow","max-snippet":"max-snippet:-1","max-image-preview":"max-image-preview:large","max-video-preview":"max-video-preview:-1"},"canonical":"https:\/\/www.perf-solutions.com\/en\/contact\/","og_locale":"en_GB","og_type":"article","og_title":"Contact - PERF - R\u00e9inventer l\u2019efficacit\u00e9 industrielle","og_description":"Contactez nos \u00e9quipes. Vous souhaitez obtenir plus de renseignements sur PERF et ses services, ou cherchez \u00e0 contacter une personne parmi nos experts\u00a0? Contactez-nous aux coordonn\u00e9es ci-dessous ou remplissez ce formulaire afin que nos \u00e9quipes vous apportent une r\u00e9ponse adapt\u00e9e. PERF 5 place des Alpes 75013 Paris &#8211; FRANCE contact@perf-solutions.com","og_url":"https:\/\/www.perf-solutions.com\/en\/contact\/","og_site_name":"PERF - R\u00e9inventer l\u2019efficacit\u00e9 industrielle","article_modified_time":"2025-05-28T10:48:37+00:00","og_image":[{"url":"https:\/\/www.perf-solutions.com\/wp-content\/uploads\/2025\/05\/contact-perf-300x188.jpg","type":"","width":"","height":""}],"twitter_card":"summary_large_image","twitter_misc":{"Estimated reading time":"1 minute"},"schema":{"@context":"https:\/\/schema.org","@graph":[{"@type":"WebPage","@id":"https:\/\/www.perf-solutions.com\/contact","url":"https:\/\/www.perf-solutions.com\/contact","name":"Contact - PERF - R\u00e9inventer l\u2019efficacit\u00e9 industrielle","isPartOf":{"@id":"https:\/\/www.perf-solutions.com\/#website"},"primaryImageOfPage":{"@id":"https:\/\/www.perf-solutions.com\/contact#primaryimage"},"image":{"@id":"https:\/\/www.perf-solutions.com\/contact#primaryimage"},"thumbnailUrl":"https:\/\/www.perf-solutions.com\/wp-content\/uploads\/2025\/05\/contact-perf-300x188.jpg","datePublished":"2025-03-19T09:07:55+00:00","dateModified":"2025-05-28T10:48:37+00:00","breadcrumb":{"@id":"https:\/\/www.perf-solutions.com\/contact#breadcrumb"},"inLanguage":"en-GB","potentialAction":[{"@type":"ReadAction","target":["https:\/\/www.perf-solutions.com\/contact"]}]},{"@type":"ImageObject","inLanguage":"en-GB","@id":"https:\/\/www.perf-solutions.com\/contact#primaryimage","url":"https:\/\/www.perf-solutions.com\/wp-content\/uploads\/2025\/05\/contact-perf-300x188.jpg","contentUrl":"https:\/\/www.perf-solutions.com\/wp-content\/uploads\/2025\/05\/contact-perf-300x188.jpg"},{"@type":"BreadcrumbList","@id":"https:\/\/www.perf-solutions.com\/contact#breadcrumb","itemListElement":[{"@type":"ListItem","position":1,"name":"Accueil","item":"https:\/\/www.perf-solutions.com\/"},{"@type":"ListItem","position":2,"name":"Contact"}]},{"@type":"WebSite","@id":"https:\/\/www.perf-solutions.com\/#website","url":"https:\/\/www.perf-solutions.com\/","name":"PERF - R\u00e9inventer l\u2019efficacit\u00e9 industrielle","description":"Tous vos besoins de digitalisation industrielle, rassembl\u00e9s sur une m\u00eame plateforme","potentialAction":[{"@type":"SearchAction","target":{"@type":"EntryPoint","urlTemplate":"https:\/\/www.perf-solutions.com\/?s={search_term_string}"},"query-input":{"@type":"PropertyValueSpecification","valueRequired":true,"valueName":"search_term_string"}}],"inLanguage":"en-GB"}]}},"_links":{"self":[{"href":"https:\/\/www.perf-solutions.com\/en\/wp-json\/wp\/v2\/pages\/24","targetHints":{"allow":["GET"]}}],"collection":[{"href":"https:\/\/www.perf-solutions.com\/en\/wp-json\/wp\/v2\/pages"}],"about":[{"href":"https:\/\/www.perf-solutions.com\/en\/wp-json\/wp\/v2\/types\/page"}],"author":[{"embeddable":true,"href":"https:\/\/www.perf-solutions.com\/en\/wp-json\/wp\/v2\/users\/1"}],"replies":[{"embeddable":true,"href":"https:\/\/www.perf-solutions.com\/en\/wp-json\/wp\/v2\/comments?post=24"}],"version-history":[{"count":11,"href":"https:\/\/www.perf-solutions.com\/en\/wp-json\/wp\/v2\/pages\/24\/revisions"}],"predecessor-version":[{"id":457,"href":"https:\/\/www.perf-solutions.com\/en\/wp-json\/wp\/v2\/pages\/24\/revisions\/457"}],"wp:attachment":[{"href":"https:\/\/www.perf-solutions.com\/en\/wp-json\/wp\/v2\/media?parent=24"}],"curies":[{"name":"wp","href":"https:\/\/api.w.org\/{rel}","templated":true}]}}