{"id":26,"date":"2025-03-19T10:08:03","date_gmt":"2025-03-19T09:08:03","guid":{"rendered":"https:\/\/www.perf-solutions.com\/wp2\/?page_id=26"},"modified":"2025-05-26T06:34:29","modified_gmt":"2025-05-26T04:34:29","slug":"demo","status":"publish","type":"page","link":"https:\/\/www.perf-solutions.com\/en\/demo","title":{"rendered":"D\u00e9mo"},"content":{"rendered":"<article>\n<h1>Head to higher<br \/>\nperformance.<\/h1>\n<p>Is your company ready to take the next step?<br \/>\nDigitize your execution processes, documentation or staff tracking with PERF solutions.<\/p>\n<\/article>\n<article>We will walk you through choosing the best solution for your automation needs.<\/p>\n<div class=\"demo-bullet\">\n<p class=\"txt-demo\"><span class=\"picto-demo picto-rdv\"><\/span><strong>Head to higher<\/strong><br \/>\n<em>to define your needs and the right PERF solutions.<\/em><\/p>\n<\/div>\n<div class=\"demo-bullet\">\n<p class=\"txt-demo\"><span class=\"picto-demo picto-team\"><\/span><strong>Book a demonstration<\/strong><br \/>\n<em>of the solution tailored to your challenges.<\/em><\/p>\n<\/div>\n<div class=\"demo-bullet\">\n<p class=\"txt-demo\"><span class=\"picto-demo picto-reserve\"><\/span><strong>Our team will install the Saas solution<\/strong><br \/>\n<em>and provide personalized support.<\/em><\/p>\n<\/div>\n<\/article>","protected":false},"excerpt":{"rendered":"<p>Prenez rendez-vous avec la performance. Votre entreprise est pr\u00eate \u00e0 passer \u00e0 la vitesse sup\u00e9rieure ? Digitalisez vos processus d&rsquo;ex\u00e9cution, de documentation ou de suivi du personnel avec les solutions PERF. Voici comment nous vous accompagnons : Prenez rendez-vous pour d\u00e9terminer vos besoins et votre solution PERF R\u00e9servez une d\u00e9monstration de la solution adapt\u00e9e \u00e0 [&hellip;]<\/p>","protected":false},"author":1,"featured_media":0,"parent":0,"menu_order":0,"comment_status":"closed","ping_status":"closed","template":"form.php","meta":{"_acf_changed":false,"footnotes":""},"class_list":["post-26","page","type-page","status-publish","hentry"],"acf":[],"yoast_head":"<!-- This site is optimized with the Yoast SEO plugin v25.1 - https:\/\/yoast.com\/wordpress\/plugins\/seo\/ -->\n<title>D\u00e9mo - PERF - R\u00e9inventer l\u2019efficacit\u00e9 industrielle<\/title>\n<meta name=\"robots\" content=\"index, follow, max-snippet:-1, max-image-preview:large, max-video-preview:-1\" \/>\n<link rel=\"canonical\" href=\"https:\/\/www.perf-solutions.com\/en\/demo\/\" \/>\n<meta property=\"og:locale\" content=\"en_GB\" \/>\n<meta property=\"og:type\" content=\"article\" \/>\n<meta property=\"og:title\" content=\"D\u00e9mo - PERF - R\u00e9inventer l\u2019efficacit\u00e9 industrielle\" \/>\n<meta property=\"og:description\" content=\"Prenez rendez-vous avec la performance. Votre entreprise est pr\u00eate \u00e0 passer \u00e0 la vitesse sup\u00e9rieure ? Digitalisez vos processus d&rsquo;ex\u00e9cution, de documentation ou de suivi du personnel avec les solutions PERF. Voici comment nous vous accompagnons : Prenez rendez-vous pour d\u00e9terminer vos besoins et votre solution PERF R\u00e9servez une d\u00e9monstration de la solution adapt\u00e9e \u00e0 [&hellip;]\" \/>\n<meta property=\"og:url\" content=\"https:\/\/www.perf-solutions.com\/en\/demo\/\" \/>\n<meta property=\"og:site_name\" content=\"PERF - R\u00e9inventer l\u2019efficacit\u00e9 industrielle\" \/>\n<meta property=\"article:modified_time\" content=\"2025-05-26T04:34:29+00:00\" \/>\n<meta name=\"twitter:card\" content=\"summary_large_image\" \/>\n<meta name=\"twitter:label1\" content=\"Estimated reading time\" \/>\n\t<meta name=\"twitter:data1\" content=\"1 minute\" \/>\n<script type=\"application\/ld+json\" class=\"yoast-schema-graph\">{\"@context\":\"https:\/\/schema.org\",\"@graph\":[{\"@type\":\"WebPage\",\"@id\":\"https:\/\/www.perf-solutions.com\/demo\",\"url\":\"https:\/\/www.perf-solutions.com\/demo\",\"name\":\"D\u00e9mo - PERF - R\u00e9inventer l\u2019efficacit\u00e9 industrielle\",\"isPartOf\":{\"@id\":\"https:\/\/www.perf-solutions.com\/#website\"},\"datePublished\":\"2025-03-19T09:08:03+00:00\",\"dateModified\":\"2025-05-26T04:34:29+00:00\",\"breadcrumb\":{\"@id\":\"https:\/\/www.perf-solutions.com\/demo#breadcrumb\"},\"inLanguage\":\"en-GB\",\"potentialAction\":[{\"@type\":\"ReadAction\",\"target\":[\"https:\/\/www.perf-solutions.com\/demo\"]}]},{\"@type\":\"BreadcrumbList\",\"@id\":\"https:\/\/www.perf-solutions.com\/demo#breadcrumb\",\"itemListElement\":[{\"@type\":\"ListItem\",\"position\":1,\"name\":\"Accueil\",\"item\":\"https:\/\/www.perf-solutions.com\/\"},{\"@type\":\"ListItem\",\"position\":2,\"name\":\"D\u00e9mo\"}]},{\"@type\":\"WebSite\",\"@id\":\"https:\/\/www.perf-solutions.com\/#website\",\"url\":\"https:\/\/www.perf-solutions.com\/\",\"name\":\"PERF - R\u00e9inventer l\u2019efficacit\u00e9 industrielle\",\"description\":\"Tous vos besoins de digitalisation industrielle, rassembl\u00e9s sur une m\u00eame plateforme\",\"potentialAction\":[{\"@type\":\"SearchAction\",\"target\":{\"@type\":\"EntryPoint\",\"urlTemplate\":\"https:\/\/www.perf-solutions.com\/?s={search_term_string}\"},\"query-input\":{\"@type\":\"PropertyValueSpecification\",\"valueRequired\":true,\"valueName\":\"search_term_string\"}}],\"inLanguage\":\"en-GB\"}]}<\/script>\n<!-- \/ Yoast SEO plugin. -->","yoast_head_json":{"title":"D\u00e9mo - PERF - R\u00e9inventer l\u2019efficacit\u00e9 industrielle","robots":{"index":"index","follow":"follow","max-snippet":"max-snippet:-1","max-image-preview":"max-image-preview:large","max-video-preview":"max-video-preview:-1"},"canonical":"https:\/\/www.perf-solutions.com\/en\/demo\/","og_locale":"en_GB","og_type":"article","og_title":"D\u00e9mo - PERF - R\u00e9inventer l\u2019efficacit\u00e9 industrielle","og_description":"Prenez rendez-vous avec la performance. Votre entreprise est pr\u00eate \u00e0 passer \u00e0 la vitesse sup\u00e9rieure ? Digitalisez vos processus d&rsquo;ex\u00e9cution, de documentation ou de suivi du personnel avec les solutions PERF. Voici comment nous vous accompagnons : Prenez rendez-vous pour d\u00e9terminer vos besoins et votre solution PERF R\u00e9servez une d\u00e9monstration de la solution adapt\u00e9e \u00e0 [&hellip;]","og_url":"https:\/\/www.perf-solutions.com\/en\/demo\/","og_site_name":"PERF - R\u00e9inventer l\u2019efficacit\u00e9 industrielle","article_modified_time":"2025-05-26T04:34:29+00:00","twitter_card":"summary_large_image","twitter_misc":{"Estimated reading time":"1 minute"},"schema":{"@context":"https:\/\/schema.org","@graph":[{"@type":"WebPage","@id":"https:\/\/www.perf-solutions.com\/demo","url":"https:\/\/www.perf-solutions.com\/demo","name":"D\u00e9mo - PERF - R\u00e9inventer l\u2019efficacit\u00e9 industrielle","isPartOf":{"@id":"https:\/\/www.perf-solutions.com\/#website"},"datePublished":"2025-03-19T09:08:03+00:00","dateModified":"2025-05-26T04:34:29+00:00","breadcrumb":{"@id":"https:\/\/www.perf-solutions.com\/demo#breadcrumb"},"inLanguage":"en-GB","potentialAction":[{"@type":"ReadAction","target":["https:\/\/www.perf-solutions.com\/demo"]}]},{"@type":"BreadcrumbList","@id":"https:\/\/www.perf-solutions.com\/demo#breadcrumb","itemListElement":[{"@type":"ListItem","position":1,"name":"Accueil","item":"https:\/\/www.perf-solutions.com\/"},{"@type":"ListItem","position":2,"name":"D\u00e9mo"}]},{"@type":"WebSite","@id":"https:\/\/www.perf-solutions.com\/#website","url":"https:\/\/www.perf-solutions.com\/","name":"PERF - R\u00e9inventer l\u2019efficacit\u00e9 industrielle","description":"Tous vos besoins de digitalisation industrielle, rassembl\u00e9s sur une m\u00eame plateforme","potentialAction":[{"@type":"SearchAction","target":{"@type":"EntryPoint","urlTemplate":"https:\/\/www.perf-solutions.com\/?s={search_term_string}"},"query-input":{"@type":"PropertyValueSpecification","valueRequired":true,"valueName":"search_term_string"}}],"inLanguage":"en-GB"}]}},"_links":{"self":[{"href":"https:\/\/www.perf-solutions.com\/en\/wp-json\/wp\/v2\/pages\/26","targetHints":{"allow":["GET"]}}],"collection":[{"href":"https:\/\/www.perf-solutions.com\/en\/wp-json\/wp\/v2\/pages"}],"about":[{"href":"https:\/\/www.perf-solutions.com\/en\/wp-json\/wp\/v2\/types\/page"}],"author":[{"embeddable":true,"href":"https:\/\/www.perf-solutions.com\/en\/wp-json\/wp\/v2\/users\/1"}],"replies":[{"embeddable":true,"href":"https:\/\/www.perf-solutions.com\/en\/wp-json\/wp\/v2\/comments?post=26"}],"version-history":[{"count":14,"href":"https:\/\/www.perf-solutions.com\/en\/wp-json\/wp\/v2\/pages\/26\/revisions"}],"predecessor-version":[{"id":453,"href":"https:\/\/www.perf-solutions.com\/en\/wp-json\/wp\/v2\/pages\/26\/revisions\/453"}],"wp:attachment":[{"href":"https:\/\/www.perf-solutions.com\/en\/wp-json\/wp\/v2\/media?parent=26"}],"curies":[{"name":"wp","href":"https:\/\/api.w.org\/{rel}","templated":true}]}}