{"id":353,"date":"2025-05-12T11:45:14","date_gmt":"2025-05-12T09:45:14","guid":{"rendered":"https:\/\/www.perf-solutions.com\/wp2\/?page_id=353"},"modified":"2025-05-26T06:13:26","modified_gmt":"2025-05-26T04:13:26","slug":"nos-solutions","status":"publish","type":"page","link":"https:\/\/www.perf-solutions.com\/en\/nos-solutions","title":{"rendered":"Our solutions"},"content":{"rendered":"","protected":false},"excerpt":{"rendered":"","protected":false},"author":1,"featured_media":0,"parent":0,"menu_order":0,"comment_status":"closed","ping_status":"closed","template":"solutions.php","meta":{"_acf_changed":false,"footnotes":""},"class_list":["post-353","page","type-page","status-publish","hentry"],"acf":[],"yoast_head":"<!-- This site is optimized with the Yoast SEO plugin v25.1 - https:\/\/yoast.com\/wordpress\/plugins\/seo\/ -->\n<title>PERF - R\u00e9inventer l\u2019efficacit\u00e9 industrielle - Nos solutions<\/title>\n<meta name=\"description\" content=\"D\u00e9couvrez nos solutions sur mesure pour la digitalisation industrielle, adapt\u00e9es \u00e0 vos besoins sp\u00e9cifiques pour am\u00e9liorer l&#039;efficacit\u00e9 et la tra\u00e7abilit\u00e9 de vos processus.\" \/>\n<meta name=\"robots\" content=\"index, follow, max-snippet:-1, max-image-preview:large, max-video-preview:-1\" \/>\n<link rel=\"canonical\" href=\"https:\/\/www.perf-solutions.com\/en\/nos-solutions\/\" \/>\n<meta property=\"og:locale\" content=\"en_GB\" \/>\n<meta property=\"og:type\" content=\"article\" \/>\n<meta property=\"og:title\" content=\"PERF - R\u00e9inventer l\u2019efficacit\u00e9 industrielle - Nos solutions\" \/>\n<meta property=\"og:description\" content=\"D\u00e9couvrez nos solutions sur mesure pour la digitalisation industrielle, adapt\u00e9es \u00e0 vos besoins sp\u00e9cifiques pour am\u00e9liorer l&#039;efficacit\u00e9 et la tra\u00e7abilit\u00e9 de vos processus.\" \/>\n<meta property=\"og:url\" content=\"https:\/\/www.perf-solutions.com\/en\/nos-solutions\/\" \/>\n<meta property=\"og:site_name\" content=\"PERF - R\u00e9inventer l\u2019efficacit\u00e9 industrielle\" \/>\n<meta property=\"article:modified_time\" content=\"2025-05-26T04:13:26+00:00\" \/>\n<meta name=\"twitter:card\" content=\"summary_large_image\" \/>\n<script type=\"application\/ld+json\" class=\"yoast-schema-graph\">{\"@context\":\"https:\/\/schema.org\",\"@graph\":[{\"@type\":\"WebPage\",\"@id\":\"https:\/\/www.perf-solutions.com\/nos-solutions\",\"url\":\"https:\/\/www.perf-solutions.com\/nos-solutions\",\"name\":\"PERF - R\u00e9inventer l\u2019efficacit\u00e9 industrielle - Nos solutions\",\"isPartOf\":{\"@id\":\"https:\/\/www.perf-solutions.com\/#website\"},\"datePublished\":\"2025-05-12T09:45:14+00:00\",\"dateModified\":\"2025-05-26T04:13:26+00:00\",\"description\":\"D\u00e9couvrez nos solutions sur mesure pour la digitalisation industrielle, adapt\u00e9es \u00e0 vos besoins sp\u00e9cifiques pour am\u00e9liorer l'efficacit\u00e9 et la tra\u00e7abilit\u00e9 de vos processus.\",\"breadcrumb\":{\"@id\":\"https:\/\/www.perf-solutions.com\/nos-solutions#breadcrumb\"},\"inLanguage\":\"en-GB\",\"potentialAction\":[{\"@type\":\"ReadAction\",\"target\":[\"https:\/\/www.perf-solutions.com\/nos-solutions\"]}]},{\"@type\":\"BreadcrumbList\",\"@id\":\"https:\/\/www.perf-solutions.com\/nos-solutions#breadcrumb\",\"itemListElement\":[{\"@type\":\"ListItem\",\"position\":1,\"name\":\"Accueil\",\"item\":\"https:\/\/www.perf-solutions.com\/\"},{\"@type\":\"ListItem\",\"position\":2,\"name\":\"Nos solutions\"}]},{\"@type\":\"WebSite\",\"@id\":\"https:\/\/www.perf-solutions.com\/#website\",\"url\":\"https:\/\/www.perf-solutions.com\/\",\"name\":\"PERF - R\u00e9inventer l\u2019efficacit\u00e9 industrielle\",\"description\":\"Tous vos besoins de digitalisation industrielle, rassembl\u00e9s sur une m\u00eame plateforme\",\"potentialAction\":[{\"@type\":\"SearchAction\",\"target\":{\"@type\":\"EntryPoint\",\"urlTemplate\":\"https:\/\/www.perf-solutions.com\/?s={search_term_string}\"},\"query-input\":{\"@type\":\"PropertyValueSpecification\",\"valueRequired\":true,\"valueName\":\"search_term_string\"}}],\"inLanguage\":\"en-GB\"}]}<\/script>\n<!-- \/ Yoast SEO plugin. -->","yoast_head_json":{"title":"PERF - R\u00e9inventer l\u2019efficacit\u00e9 industrielle - Nos solutions","description":"D\u00e9couvrez nos solutions sur mesure pour la digitalisation industrielle, adapt\u00e9es \u00e0 vos besoins sp\u00e9cifiques pour am\u00e9liorer l'efficacit\u00e9 et la tra\u00e7abilit\u00e9 de vos processus.","robots":{"index":"index","follow":"follow","max-snippet":"max-snippet:-1","max-image-preview":"max-image-preview:large","max-video-preview":"max-video-preview:-1"},"canonical":"https:\/\/www.perf-solutions.com\/en\/nos-solutions\/","og_locale":"en_GB","og_type":"article","og_title":"PERF - R\u00e9inventer l\u2019efficacit\u00e9 industrielle - Nos solutions","og_description":"D\u00e9couvrez nos solutions sur mesure pour la digitalisation industrielle, adapt\u00e9es \u00e0 vos besoins sp\u00e9cifiques pour am\u00e9liorer l'efficacit\u00e9 et la tra\u00e7abilit\u00e9 de vos processus.","og_url":"https:\/\/www.perf-solutions.com\/en\/nos-solutions\/","og_site_name":"PERF - R\u00e9inventer l\u2019efficacit\u00e9 industrielle","article_modified_time":"2025-05-26T04:13:26+00:00","twitter_card":"summary_large_image","schema":{"@context":"https:\/\/schema.org","@graph":[{"@type":"WebPage","@id":"https:\/\/www.perf-solutions.com\/nos-solutions","url":"https:\/\/www.perf-solutions.com\/nos-solutions","name":"PERF - R\u00e9inventer l\u2019efficacit\u00e9 industrielle - Nos solutions","isPartOf":{"@id":"https:\/\/www.perf-solutions.com\/#website"},"datePublished":"2025-05-12T09:45:14+00:00","dateModified":"2025-05-26T04:13:26+00:00","description":"D\u00e9couvrez nos solutions sur mesure pour la digitalisation industrielle, adapt\u00e9es \u00e0 vos besoins sp\u00e9cifiques pour am\u00e9liorer l'efficacit\u00e9 et la tra\u00e7abilit\u00e9 de vos processus.","breadcrumb":{"@id":"https:\/\/www.perf-solutions.com\/nos-solutions#breadcrumb"},"inLanguage":"en-GB","potentialAction":[{"@type":"ReadAction","target":["https:\/\/www.perf-solutions.com\/nos-solutions"]}]},{"@type":"BreadcrumbList","@id":"https:\/\/www.perf-solutions.com\/nos-solutions#breadcrumb","itemListElement":[{"@type":"ListItem","position":1,"name":"Accueil","item":"https:\/\/www.perf-solutions.com\/"},{"@type":"ListItem","position":2,"name":"Nos solutions"}]},{"@type":"WebSite","@id":"https:\/\/www.perf-solutions.com\/#website","url":"https:\/\/www.perf-solutions.com\/","name":"PERF - R\u00e9inventer l\u2019efficacit\u00e9 industrielle","description":"Tous vos besoins de digitalisation industrielle, rassembl\u00e9s sur une m\u00eame plateforme","potentialAction":[{"@type":"SearchAction","target":{"@type":"EntryPoint","urlTemplate":"https:\/\/www.perf-solutions.com\/?s={search_term_string}"},"query-input":{"@type":"PropertyValueSpecification","valueRequired":true,"valueName":"search_term_string"}}],"inLanguage":"en-GB"}]}},"_links":{"self":[{"href":"https:\/\/www.perf-solutions.com\/en\/wp-json\/wp\/v2\/pages\/353","targetHints":{"allow":["GET"]}}],"collection":[{"href":"https:\/\/www.perf-solutions.com\/en\/wp-json\/wp\/v2\/pages"}],"about":[{"href":"https:\/\/www.perf-solutions.com\/en\/wp-json\/wp\/v2\/types\/page"}],"author":[{"embeddable":true,"href":"https:\/\/www.perf-solutions.com\/en\/wp-json\/wp\/v2\/users\/1"}],"replies":[{"embeddable":true,"href":"https:\/\/www.perf-solutions.com\/en\/wp-json\/wp\/v2\/comments?post=353"}],"version-history":[{"count":6,"href":"https:\/\/www.perf-solutions.com\/en\/wp-json\/wp\/v2\/pages\/353\/revisions"}],"predecessor-version":[{"id":384,"href":"https:\/\/www.perf-solutions.com\/en\/wp-json\/wp\/v2\/pages\/353\/revisions\/384"}],"wp:attachment":[{"href":"https:\/\/www.perf-solutions.com\/en\/wp-json\/wp\/v2\/media?parent=353"}],"curies":[{"name":"wp","href":"https:\/\/api.w.org\/{rel}","templated":true}]}}