{"id":407,"date":"2025-05-19T22:43:21","date_gmt":"2025-05-19T20:43:21","guid":{"rendered":"https:\/\/www.perf-solutions.com\/wp2\/?page_id=407"},"modified":"2025-05-19T22:50:13","modified_gmt":"2025-05-19T20:50:13","slug":"confidentialites","status":"publish","type":"page","link":"https:\/\/www.perf-solutions.com\/en\/confidentialites","title":{"rendered":"Privacy Policy"},"content":{"rendered":"<h3>1. Entit\u00e9 responsable du traitement des donn\u00e9es<\/h3>\n<p>\n                    La soci\u00e9t\u00e9 <strong>PERF<\/strong> :<br \/>\n                    5, Place des Alpes \u2013 75013 Paris<br \/>\n                    Siren : 933 824 385 RCS Paris\n                <\/p>\n<p>\n                    <strong>PERF<\/strong> s\u2019engage \u00e0 traiter et prot\u00e9ger les donn\u00e9es personnelles re\u00e7ues sur le site <a class=\"flat-link\" href=\"\/en\/index.html\/\">https:\\\\perf-solutions.com<\/a> conform\u00e9ment \u00e0 la r\u00e9glementation en vigueur.\n                <\/p>\n<h3>2. Type de donn\u00e9es \u00e0 caract\u00e8re personnel et objectifs du recueil<\/h3>\n<p>Les informations que nous collectons par le biais du pr\u00e9sent site, et suite \u00e0 votre consentement, sont :<\/p>\n<h4>2.1. Des donn\u00e9es \u00e0 caract\u00e8re personnel collect\u00e9es dans la cadre d\u2019une prise de contact :<\/h4>\n<p>Ces donn\u00e9es sont exclusivement r\u00e9serv\u00e9es \u00e0 la gestion de votre demande. Les donn\u00e9es concern\u00e9es sont : votre adresse e-mail, nom, pr\u00e9nom, objet, message et autres donn\u00e9es que vous avez indiqu\u00e9es en option.<\/p>\n<p>Il faut noter que le d\u00e9faut de communication de ces donn\u00e9es peut emp\u00eacher, en toute ou partie, le traitement de la prise de contact.<\/p>\n<h4>2.2. Des donn\u00e9es techniques \u00e0 caract\u00e8re personnel<\/h4>\n<p>Ces donn\u00e9es sont des donn\u00e9es de session : Nom du site Internet consult\u00e9, date et heure de la consultation, la quantit\u00e9 de donn\u00e9es transf\u00e9r\u00e9es, le type de navigateur en plus de la version\u2026. Ces donn\u00e9es servent \u00e0 des fins statistiques pour analyser le comportement d\u2019utilisation de notre site Internet, afin d\u2019optimiser son fonctionnement. Sur ce site l\u2019outil d\u2019analyse utilis\u00e9e est Google Analytics (se r\u00e9f\u00e9rer \u00e0 \u00ab Utilisation de Google Analytics \u00bb).<\/p>\n<h3>3. Dur\u00e9e de conservation des donn\u00e9es collect\u00e9es<\/h3>\n<h4>3.1. Des donn\u00e9es \u00e0 caract\u00e8re personnel collect\u00e9es dans la cadre d\u2019une prise de contact :<\/h4>\n<p>Les donn\u00e9es \u00e0 caract\u00e8re personnel collect\u00e9es dans la cadre d\u2019une prise de contact sont conserv\u00e9es pour une dur\u00e9e au plus \u00e9gale \u00e0 6 mois sauf demande de votre part et, pass\u00e9 ce d\u00e9lai, seront d\u00e9truites.<\/p>\n<h4>3.2. Des donn\u00e9es techniques \u00e0 caract\u00e8re personnel<\/h4>\n<p>Les donn\u00e9es techniques \u00e0 caract\u00e8re personnel sont conserv\u00e9es pour une dur\u00e9e au plus \u00e9gale \u00e0 365 jours sauf demande de votre part et, pass\u00e9 ce d\u00e9lai, seront d\u00e9truites.<\/p>\n<h3>4. Destinataires de donn\u00e9es personnelles<\/h3>\n<p>Les donn\u00e9es personnelles collect\u00e9es pourront \u00eatre transmises :<\/p>\n<h4>4.1. Pour les donn\u00e9es \u00e0 caract\u00e8re personnel collect\u00e9es dans la cadre d\u2019une prise de contact :<\/h4>\n<p>Au service commercial de <strong>PERF<\/strong> apte \u00e0 r\u00e9pondre \u00e0 la demande.<\/p>\n<h4>4.2. Pour les donn\u00e9es techniques \u00e0 caract\u00e8re personnel<\/h4>\n<p>Au service Communication de <strong>PERF<\/strong> et, le cas \u00e9ch\u00e9ant, \u00e0 un prestataire habilit\u00e9 pour leur exploitation. Ce prestataire exploitera les donn\u00e9es en conformit\u00e9 avec les dispositions de la r\u00e8glementation applicable en mati\u00e8re de donn\u00e9es \u00e0 caract\u00e8re personnel.<\/p>\n<h3>5. Utilisation de Google analytics :<\/h3>\n<p>Sur le site internet <a class=\"flat-link\" href=\"\/en\/index.html\/\">perf-solutions.com<\/a> Google Analytics est utilis\u00e9. Google Analytics est un service d\u2019analyse web fournit par Google, pour mieux comprendre votre utilisation de nos sites web et services. Google Analytics collecte des informations portant, par exemple, sur la fr\u00e9quence de visite des sites web par les utilisateurs, les pages consult\u00e9es ainsi que les autres sites qu\u2019ils ont pu consulter avant leur visite. Google utilise les donn\u00e9es collect\u00e9es pour suivre et analyser l\u2019utilisation des sites web, pr\u00e9parer des rapports sur les activit\u00e9s r\u00e9alis\u00e9es sur ces m\u00eames sites et pour partager les donn\u00e9es collect\u00e9es avec d\u2019autres services Google. Google peut aussi utiliser les donn\u00e9es collect\u00e9es pour adapter et personnaliser le contenu sur ses propres r\u00e9seaux publicitaires.<\/p>\n<p>Afin de pr\u00e9server la confidentialit\u00e9, sur ce site Google Analytics est param\u00e9tr\u00e9 pour ne m\u00e9moriser que des adresses IP anonymes (adresse dont le dernier octet a \u00e9t\u00e9 retir\u00e9 avant stockage).<\/p>\n<p>La capacit\u00e9 de Google \u00e0 utiliser et \u00e0 partager les informations collect\u00e9es via Google Analytics quant \u00e0 vos consultations de sites web est limit\u00e9e par les <a href=\"https:\/\/marketingplatform.google.com\/about\/analytics\/terms\/fr\/\" class=\"flat-link\" target=\"_blank\">Conditions G\u00e9n\u00e9rales d\u2019Utilisation de Google Analytics<\/a> et la <a href=\"https:\/\/policies.google.com\/privacy?hl=fr\" target=\"_blank\" class=\"flat-link\">Politique de confidentialit\u00e9 de Google<\/a>. Google offre un m\u00e9canisme permettant de retirer son consentement sur internet, <a class=\"flat-link\" href=\"https:\/\/tools.google.com\/dlpage\/gaoptout?hl=fr\" target=\"_blanck\">disponible ici<\/a>.<\/p>\n<h3>6. Utilisation de cookies<\/h3>\n<h4>6.1. G\u00e9n\u00e9ralit\u00e9s<\/h4>\n<p>Afin d\u2019offrir une bonne exp\u00e9rience utilisateur aux internautes consultant notre site et de permettre l\u2019utilisation de certaines fonctions, nous utilisons des cookies sur certaines pages. Un cookie est un fichier qui permet d\u2019enregistrer des informations relatives \u00e0 la navigation de votre ordinateur sur le site internet (ex. nombres de visites, nombre de pages vues\u2026) et permet notamment de faciliter vos visites sur le site.<\/p>\n<p>Vous pouvez \u00e0 tout moment supprimer les \u00ab cookies \u00bb install\u00e9s sur votre ordinateur, vous opposer \u00e0 l\u2019enregistrement de nouveaux \u00ab cookies \u00bb et recevoir une notification avant l\u2019installation d\u2019un nouveau cookie en configurant votre outil de navigation.<\/p>\n<h4>6.2. Comment configurer votre navigateur ?<\/h4>\n<p>Vous avez la possibilit\u00e9 de d\u00e9sactiver les cookies en vous rendant dans les param\u00e8tres de votre navigateur. Voici quelques liens concernant les navigateurs les plus courants pour vous guider dans cette d\u00e9marche :<\/p>\n<ul>\n<li><a href=\"https:\/\/support.google.com\/chrome\/answer\/95647?hl=fr\" class=\"flat-link\" target=\"_blank\">Google Chrome<\/a><\/li>\n<li><a href=\"https:\/\/support.mozilla.org\/fr\/kb\/protection-renforcee-contre-pistage-firefox-ordinateur?redirectslug=activer-desactiver-cookies&#038;redirectlocale=fr\" class=\"flat-link\" target=\"_blank\">Mozilla Firefox<\/a><\/li>\n<li><a href=\"https:\/\/support.apple.com\/fr-fr\/guide\/safari\/sfri11471\/mac\" class=\"flat-link\" target=\"_blank\">Safari<\/a><\/li>\n<li><a href=\"https:\/\/help.opera.com\/en\/latest\/web-preferences\/#cookies\" class=\"flat-link\" target=\"_blank\">Opera<\/a><\/li>\n<li><a href=\"https:\/\/support.microsoft.com\/fr-fr\/windows\/g%C3%A9rer-les-cookies-dans-microsoft-edge-afficher-autoriser-bloquer-supprimer-et-utiliser-168dab11-0753-043d-7c16-ede5947fc64d#ie=ie-11\" class=\"flat-link\" target=\"_blank\">Internet Explorer<\/a><\/li>\n<\/ul>\n<p>\n                Il faut noter que le d\u00e9faut d\u2019autorisation des cookies peut emp\u00eacher, en tout ou partie, le fonctionnement correct du site internet <a class=\"flat-link\" href=\"\/en\/index.html\/\">perf-solutions.com<\/a>.<\/p>\n<h4>6.3. Types de cookies utilis\u00e9s<\/h4>\n<p>Divers types de cookies sont utilis\u00e9s :<\/p>\n<p>Des cookies destin\u00e9s \u00e0 g\u00e9rer globalement votre visite : session, acc\u00e8s au site, service demand\u00e9 et enregistrement de votre choix concernant les cookies<br \/>\n                Des cookies propos\u00e9s par des tiers permettant d\u2019acc\u00e9der \u00e0 des fonctions particuli\u00e8res (cartographie, r\u00e9seaux sociaux\u2026.)<br \/>\n                Des cookies \u00e0 finalit\u00e9 statistique.<\/p>\n<h4>6.4. Liste des cookies utilis\u00e9s et dur\u00e9e de conservation:<\/h4>\n<p>Concr\u00e8tement, nous utilisons les cookies list\u00e9s ci-dessous.<\/p>\n<p>Si aucune suppression n\u2019est r\u00e9alis\u00e9e par l\u2019utilisateur, le cookie est enregistr\u00e9 tant qu\u2019il est utilis\u00e9 (voir description sur le tableau ci-dessous). Ensuite, il est automatiquement supprim\u00e9 dans le d\u00e9lai indiqu\u00e9 sur le tableau.<\/p>\n<h4>6.4.1. Cookies de gestion de la visite<\/h4>\n<div class=\"table-container\">\n<table>\n<tr>\n<th>Nom du cookie<\/th>\n<th>D\u00e9lai d&rsquo;expiration<\/th>\n<th>Description<\/th>\n<th>Comment refuser ?<\/th>\n<\/tr>\n<tr>\n<td>pll_language<\/td>\n<td>365 jours<\/td>\n<td>Le cookie enregistre vos param\u00e8tres linguistiques.<\/td>\n<td><\/td>\n<\/tr>\n<tr>\n<td>cookie_notice_accepted<\/td>\n<td>30 jours<\/td>\n<td>Le cookie enregistre vos pr\u00e9f\u00e9rences d\u2019acceptation des cookies.<\/td>\n<td>En n\u2019acceptant pas l\u2019utilisation des cookies sur la page d\u2019accueil et en param\u00e9trant votre navigateur dans ce but.<\/td>\n<\/tr>\n<\/table><\/div>\n<h4>6.4.2. Cookies propos\u00e9s par des tiers<\/h4>\n<p>Le site ne g\u00e9n\u00e8re pas de cookie li\u00e9 \u00e0 un service tiers autre que les statistiques fournies par Google Analytics.<\/p>\n<h4>6.4.3. Cookies \u00e0 finalit\u00e9 statistique<\/h4>\n<div class=\"table-container\">\n<table>\n<tr>\n<th>Nom du cookie<\/th>\n<th>D\u00e9lai d&rsquo;expiration<\/th>\n<th>Description<\/th>\n<th>Comment refuser ?<\/th>\n<\/tr>\n<tr>\n<td>_ga<\/td>\n<td>365 jours<\/td>\n<td>Utilis\u00e9 pour diff\u00e9rencier les utilisateurs.<\/td>\n<td>Vous pouvez r\u00e9voquer \u00e0 tout moment la collecte des donn\u00e9es avec effet pour l\u2019avenir en utilisant l\u2019add-on de d\u00e9sactivation pour navigateur de Google Analytics \u00e0 l\u2019adresse <a href=\"https:\/\/tools.google.com\/dlpage\/gaoptout?hl=fr\" target=\"_blanck\">https:\/\/tools.google.com\/dlpage\/gaoptout?hl=fr<\/a>.<\/td>\n<\/tr>\n<tr>\n<td>_gid<\/td>\n<td>24 heures<\/td>\n<td>Utilis\u00e9 pour diff\u00e9rencier les utilisateurs.<\/td>\n<td><\/td>\n<\/tr>\n<tr>\n<td>_gat_gtag_UA_XXXXXXXXX_X<\/td>\n<td>1 minute<\/td>\n<td>Utilis\u00e9 pour r\u00e9duire le taux de demande.<\/td>\n<td><\/td>\n<\/tr>\n<\/table><\/div>\n<h3>7. Droits d\u2019acc\u00e8s \u00e0 vos donn\u00e9es \u00e0 caract\u00e8re personnel<\/h3>\n<p>Conform\u00e9ment \u00e0 la loi informatique et libert\u00e9 du 6 janvier 1978 et au r\u00e8glement UE 2016\/679 du 27 Avril 2016, et sous r\u00e9serve de pouvoir justifier votre identit\u00e9 et si les conditions de ces droits sont remplies, vous pouvez exercer vos droits :<\/p>\n<ul>\n<li>d\u2019acc\u00e8s ;<\/li>\n<li>de rectification ;<\/li>\n<li>d\u2019effacement ;<\/li>\n<li>de limitation ;<\/li>\n<li>de portabilit\u00e9 ;<\/li>\n<li>de suppression des donn\u00e9es personnelles vous concernant ;<\/li>\n<li>de retirer votre consentement \u00e0 tout moment, sans porter atteinte \u00e0 la lic\u00e9it\u00e9 du traitement fond\u00e9 sur le consentement effectu\u00e9 avant le retrait de celui-ci.<\/li>\n<\/ul>\n<p>L\u2019ensemble de vos droits sont \u00e0 exercer aupr\u00e8s de notre D\u00e9l\u00e9gu\u00e9e \u00e0 la Protection des Donn\u00e9es \u00e0 l\u2019adresse suivante :<br \/>\n                    <a class=\"flat-link\" href=\"mailto:dpo@perf-solutions.com\">dpo@perf-solutions.com<\/a><br \/>\n                    Vous b\u00e9n\u00e9ficiez \u00e9galement du droit d\u2019introduire une r\u00e9clamation aupr\u00e8s de la CNIL.<\/p>\n<h3>8. S\u00e9curit\u00e9<\/h3>\n<p>Vos donn\u00e9es personnelles sont h\u00e9berg\u00e9es par des serveurs qui sont s\u00e9curis\u00e9s et nous faisons tout notre possible pour en assurer la protection. Toutefois, m\u00eame si le site internet <a class=\"flat-link\" href=\"\/en\/index.html\/\">perf-solutions.com<\/a> utilise le protocole https qui permet d\u2019encrypter les donn\u00e9es \u00e9chang\u00e9es, Internet reste un syst\u00e8me ouvert, la soci\u00e9t\u00e9 <strong>PERF<\/strong> ne peut donc garantir la s\u00e9curit\u00e9 des informations que vous nous transmettez via Internet et d\u00e9gage toute responsabilit\u00e9 en cas d\u2019utilisation ill\u00e9gitime ou frauduleuse par un tiers non autoris\u00e9.<\/p>","protected":false},"excerpt":{"rendered":"<p>1. Entit\u00e9 responsable du traitement des donn\u00e9es La soci\u00e9t\u00e9 PERF : 5, Place des Alpes \u2013 75013 Paris Siren : 933 824 385 RCS Paris PERF s\u2019engage \u00e0 traiter et prot\u00e9ger les donn\u00e9es personnelles re\u00e7ues sur le site https:\\\\perf-solutions.com conform\u00e9ment \u00e0 la r\u00e9glementation en vigueur. 2. Type de donn\u00e9es \u00e0 caract\u00e8re personnel et objectifs du [&hellip;]<\/p>","protected":false},"author":1,"featured_media":0,"parent":0,"menu_order":0,"comment_status":"closed","ping_status":"closed","template":"content.php","meta":{"_acf_changed":false,"footnotes":""},"class_list":["post-407","page","type-page","status-publish","hentry"],"acf":[],"yoast_head":"<!-- This site is optimized with the Yoast SEO plugin v25.1 - https:\/\/yoast.com\/wordpress\/plugins\/seo\/ -->\n<title>Protection des donn\u00e9es - PERF - R\u00e9inventer l\u2019efficacit\u00e9 industrielle<\/title>\n<meta name=\"robots\" content=\"index, follow, max-snippet:-1, max-image-preview:large, max-video-preview:-1\" \/>\n<link rel=\"canonical\" href=\"https:\/\/www.perf-solutions.com\/en\/confidentialites\" \/>\n<meta property=\"og:locale\" content=\"en_GB\" \/>\n<meta property=\"og:type\" content=\"article\" \/>\n<meta property=\"og:title\" content=\"Protection des donn\u00e9es - PERF - R\u00e9inventer l\u2019efficacit\u00e9 industrielle\" \/>\n<meta property=\"og:description\" content=\"1. Entit\u00e9 responsable du traitement des donn\u00e9es La soci\u00e9t\u00e9 PERF : 5, Place des Alpes \u2013 75013 Paris Siren : 933 824 385 RCS Paris PERF s\u2019engage \u00e0 traiter et prot\u00e9ger les donn\u00e9es personnelles re\u00e7ues sur le site https:\\perf-solutions.com conform\u00e9ment \u00e0 la r\u00e9glementation en vigueur. 2. Type de donn\u00e9es \u00e0 caract\u00e8re personnel et objectifs du [&hellip;]\" \/>\n<meta property=\"og:url\" content=\"https:\/\/www.perf-solutions.com\/en\/confidentialites\" \/>\n<meta property=\"og:site_name\" content=\"PERF - R\u00e9inventer l\u2019efficacit\u00e9 industrielle\" \/>\n<meta property=\"article:modified_time\" content=\"2025-05-19T20:50:13+00:00\" \/>\n<meta name=\"twitter:card\" content=\"summary_large_image\" \/>\n<meta name=\"twitter:label1\" content=\"Estimated reading time\" \/>\n\t<meta name=\"twitter:data1\" content=\"7 minutes\" \/>\n<script type=\"application\/ld+json\" class=\"yoast-schema-graph\">{\"@context\":\"https:\/\/schema.org\",\"@graph\":[{\"@type\":\"WebPage\",\"@id\":\"https:\/\/www.perf-solutions.com\/en\/confidentialites\",\"url\":\"https:\/\/www.perf-solutions.com\/en\/confidentialites\",\"name\":\"Protection des donn\u00e9es - PERF - R\u00e9inventer l\u2019efficacit\u00e9 industrielle\",\"isPartOf\":{\"@id\":\"https:\/\/www.perf-solutions.com\/#website\"},\"datePublished\":\"2025-05-19T20:43:21+00:00\",\"dateModified\":\"2025-05-19T20:50:13+00:00\",\"breadcrumb\":{\"@id\":\"https:\/\/www.perf-solutions.com\/en\/confidentialites#breadcrumb\"},\"inLanguage\":\"en-GB\",\"potentialAction\":[{\"@type\":\"ReadAction\",\"target\":[\"https:\/\/www.perf-solutions.com\/en\/confidentialites\"]}]},{\"@type\":\"BreadcrumbList\",\"@id\":\"https:\/\/www.perf-solutions.com\/en\/confidentialites#breadcrumb\",\"itemListElement\":[{\"@type\":\"ListItem\",\"position\":1,\"name\":\"Accueil\",\"item\":\"https:\/\/www.perf-solutions.com\/\"},{\"@type\":\"ListItem\",\"position\":2,\"name\":\"Protection des donn\u00e9es\"}]},{\"@type\":\"WebSite\",\"@id\":\"https:\/\/www.perf-solutions.com\/#website\",\"url\":\"https:\/\/www.perf-solutions.com\/\",\"name\":\"PERF - R\u00e9inventer l\u2019efficacit\u00e9 industrielle\",\"description\":\"Tous vos besoins de digitalisation industrielle, rassembl\u00e9s sur une m\u00eame plateforme\",\"potentialAction\":[{\"@type\":\"SearchAction\",\"target\":{\"@type\":\"EntryPoint\",\"urlTemplate\":\"https:\/\/www.perf-solutions.com\/?s={search_term_string}\"},\"query-input\":{\"@type\":\"PropertyValueSpecification\",\"valueRequired\":true,\"valueName\":\"search_term_string\"}}],\"inLanguage\":\"en-GB\"}]}<\/script>\n<!-- \/ Yoast SEO plugin. -->","yoast_head_json":{"title":"Protection des donn\u00e9es - PERF - R\u00e9inventer l\u2019efficacit\u00e9 industrielle","robots":{"index":"index","follow":"follow","max-snippet":"max-snippet:-1","max-image-preview":"max-image-preview:large","max-video-preview":"max-video-preview:-1"},"canonical":"https:\/\/www.perf-solutions.com\/en\/confidentialites","og_locale":"en_GB","og_type":"article","og_title":"Protection des donn\u00e9es - PERF - R\u00e9inventer l\u2019efficacit\u00e9 industrielle","og_description":"1. Entit\u00e9 responsable du traitement des donn\u00e9es La soci\u00e9t\u00e9 PERF : 5, Place des Alpes \u2013 75013 Paris Siren : 933 824 385 RCS Paris PERF s\u2019engage \u00e0 traiter et prot\u00e9ger les donn\u00e9es personnelles re\u00e7ues sur le site https:\\perf-solutions.com conform\u00e9ment \u00e0 la r\u00e9glementation en vigueur. 2. Type de donn\u00e9es \u00e0 caract\u00e8re personnel et objectifs du [&hellip;]","og_url":"https:\/\/www.perf-solutions.com\/en\/confidentialites","og_site_name":"PERF - R\u00e9inventer l\u2019efficacit\u00e9 industrielle","article_modified_time":"2025-05-19T20:50:13+00:00","twitter_card":"summary_large_image","twitter_misc":{"Estimated reading time":"7 minutes"},"schema":{"@context":"https:\/\/schema.org","@graph":[{"@type":"WebPage","@id":"https:\/\/www.perf-solutions.com\/en\/confidentialites","url":"https:\/\/www.perf-solutions.com\/en\/confidentialites","name":"Protection des donn\u00e9es - PERF - R\u00e9inventer l\u2019efficacit\u00e9 industrielle","isPartOf":{"@id":"https:\/\/www.perf-solutions.com\/#website"},"datePublished":"2025-05-19T20:43:21+00:00","dateModified":"2025-05-19T20:50:13+00:00","breadcrumb":{"@id":"https:\/\/www.perf-solutions.com\/en\/confidentialites#breadcrumb"},"inLanguage":"en-GB","potentialAction":[{"@type":"ReadAction","target":["https:\/\/www.perf-solutions.com\/en\/confidentialites"]}]},{"@type":"BreadcrumbList","@id":"https:\/\/www.perf-solutions.com\/en\/confidentialites#breadcrumb","itemListElement":[{"@type":"ListItem","position":1,"name":"Accueil","item":"https:\/\/www.perf-solutions.com\/"},{"@type":"ListItem","position":2,"name":"Protection des donn\u00e9es"}]},{"@type":"WebSite","@id":"https:\/\/www.perf-solutions.com\/#website","url":"https:\/\/www.perf-solutions.com\/","name":"PERF - R\u00e9inventer l\u2019efficacit\u00e9 industrielle","description":"Tous vos besoins de digitalisation industrielle, rassembl\u00e9s sur une m\u00eame plateforme","potentialAction":[{"@type":"SearchAction","target":{"@type":"EntryPoint","urlTemplate":"https:\/\/www.perf-solutions.com\/?s={search_term_string}"},"query-input":{"@type":"PropertyValueSpecification","valueRequired":true,"valueName":"search_term_string"}}],"inLanguage":"en-GB"}]}},"_links":{"self":[{"href":"https:\/\/www.perf-solutions.com\/en\/wp-json\/wp\/v2\/pages\/407","targetHints":{"allow":["GET"]}}],"collection":[{"href":"https:\/\/www.perf-solutions.com\/en\/wp-json\/wp\/v2\/pages"}],"about":[{"href":"https:\/\/www.perf-solutions.com\/en\/wp-json\/wp\/v2\/types\/page"}],"author":[{"embeddable":true,"href":"https:\/\/www.perf-solutions.com\/en\/wp-json\/wp\/v2\/users\/1"}],"replies":[{"embeddable":true,"href":"https:\/\/www.perf-solutions.com\/en\/wp-json\/wp\/v2\/comments?post=407"}],"version-history":[{"count":4,"href":"https:\/\/www.perf-solutions.com\/en\/wp-json\/wp\/v2\/pages\/407\/revisions"}],"predecessor-version":[{"id":413,"href":"https:\/\/www.perf-solutions.com\/en\/wp-json\/wp\/v2\/pages\/407\/revisions\/413"}],"wp:attachment":[{"href":"https:\/\/www.perf-solutions.com\/en\/wp-json\/wp\/v2\/media?parent=407"}],"curies":[{"name":"wp","href":"https:\/\/api.w.org\/{rel}","templated":true}]}}