{"id":647,"date":"2026-04-08T12:29:28","date_gmt":"2026-04-08T10:29:28","guid":{"rendered":"https:\/\/www.perf-solutions.com\/?page_id=647"},"modified":"2026-04-09T11:16:56","modified_gmt":"2026-04-09T09:16:56","slug":"politiques-de-confidentialite","status":"publish","type":"page","link":"https:\/\/www.perf-solutions.com\/en\/politiques-de-confidentialite","title":{"rendered":"Politique de confidentialit\u00e9"},"content":{"rendered":"<h3>1\/ Qui sommes-nous ?<\/h3>\n<p>Dans le cadre de votre navigation sur le site, vous \u00eates amen\u00e9s \u00e0 fournir des donn\u00e9es personnelles vous concernant. Cette politique de confidentialit\u00e9 (ci-apr\u00e8s \u00ab politique \u00bb) vise \u00e0 vous informer sur les conditions dans lesquelles Perf ci-apr\u00e8s \u00ab Perf \u00bb ou \u00ab nous \u00bb), collecte et utilise vos donn\u00e9es personnelles.<\/p>\n<p>En tant que responsable de traitement, nous traitons vos donn\u00e9es dans le respect des principes issus de la r\u00e8glementation applicable en mati\u00e8re de protection des donn\u00e9es personnelles, et plus particuli\u00e8rement du R\u00e8glement (UE) 2016\/679 du Parlement europ\u00e9en et du Conseil du 27 avril 2016 relatif \u00e0 la protection des personnes physiques \u00e0 l&rsquo;\u00e9gard du traitement des donn\u00e9es personnelles et \u00e0 la libre circulation de ces donn\u00e9es personnelles, et la Loi n\u00b0 78-17 du 6 janvier 1978 relative \u00e0 l&rsquo;informatique, aux fichiers et aux libert\u00e9s, telle que modifi\u00e9e (ci-apr\u00e8s d\u00e9nomm\u00e9s la \u00ab R\u00e8glementation applicable en mati\u00e8re de protection des donn\u00e9es personnelles \u00bb).<\/p>\n<h3>2\/ Quelles sont vos donn\u00e9es collect\u00e9es, pourquoi et combien de temps sont-elles conserv\u00e9es ?<\/h3>\n<p>Nous mettons en \u0153uvre diff\u00e9rents traitements portant sur vos donn\u00e9es personnelles. Les finalit\u00e9s, les cat\u00e9gories de donn\u00e9es collect\u00e9es, les bases l\u00e9gales ainsi que les dur\u00e9es de conservation sont d\u00e9taill\u00e9es dans le tableau ci-dessous :<\/p>\n<div style=\"overflow-x: auto; margin: 20px 0;\">\n<table border=\"1\" style=\"width: 100%; border-collapse: collapse; font-family: Arial, sans-serif; font-size: 14px;\">\n<tbody>\n<tr style=\"background-color: #e8f1fb; text-align: center;\">\n<th style=\"border: 1px solid #d0d7e2; padding: 12px;\">Finalit\u00e9s<\/th>\n<th style=\"border: 1px solid #d0d7e2; padding: 12px;\">Description<\/th>\n<th style=\"border: 1px solid #d0d7e2; padding: 12px;\">Cat\u00e9gories de donn\u00e9es collect\u00e9es<\/th>\n<th style=\"border: 1px solid #d0d7e2; padding: 12px;\">Base l\u00e9gale<\/th>\n<th style=\"border: 1px solid #d0d7e2; padding: 12px;\">Dur\u00e9es de conservation<\/th>\n<\/tr>\n<tr>\n<td rowspan=\"2\" style=\"border: 1px solid #d0d7e2; padding: 10px; vertical-align: middle\">Site internet<\/td>\n<td style=\"border: 1px solid #d0d7e2; padding: 10px;\">Gestion du formulaire de contact<\/td>\n<td style=\"border: 1px solid #d0d7e2; padding: 10px;\">Nom, pr\u00e9nom, entreprise, fonction, email, sujet, message<\/td>\n<td rowspan=\"2\" style=\"border: 1px solid #d0d7e2; padding: 10px;vertical-align: middle\">Int\u00e9r\u00eat l\u00e9gitime<\/td>\n<td rowspan=\"2\" style=\"border: 1px solid #d0d7e2; padding: 10px;vertical-align: middle\">3 ans \u00e0 compter du dernier contact<\/td>\n<\/tr>\n<tr>\n<td style=\"border: 1px solid #d0d7e2; padding: 10px;\">Gestion du formulaire \u00ab demander une d\u00e9mo \u00bb<\/td>\n<td style=\"border: 1px solid #d0d7e2; padding: 10px;\">Nom, pr\u00e9nom, entreprise, fonction, email, pays, message, solution envisag\u00e9e<\/td>\n<\/tr>\n<tr  style=\"background-color: #f7fbff;\">\n<td style=\"border: 1px solid #d0d7e2; padding: 10px;\">R\u00e9seaux sociaux (LinkedIn)<\/td>\n<td style=\"border: 1px solid #d0d7e2; padding: 10px;\">Animation de la pr\u00e9sence en ligne et communication<\/td>\n<td style=\"border: 1px solid #d0d7e2; padding: 10px;\">Messages priv\u00e9s et \u00e9changes direct<\/td>\n<td style=\"border: 1px solid #d0d7e2; padding: 10px;\">Int\u00e9r\u00eat l\u00e9gitime<\/td>\n<td style=\"border: 1px solid #d0d7e2; padding: 10px;\">Jusqu\u2019\u00e0 suppression de la publication ou du compte<\/td>\n<\/tr>\n<tr\">\n<td style=\"border: 1px solid #d0d7e2; padding: 10px;\">Newsletter<\/td>\n<td style=\"border: 1px solid #d0d7e2; padding: 10px;\">Gestion de la newsletter<\/td>\n<td style=\"border: 1px solid #d0d7e2; padding: 10px;\">Nom, pr\u00e9nom, email<\/td>\n<td style=\"border: 1px solid #d0d7e2; padding: 10px;\">Consentement<\/td>\n<td style=\"border: 1px solid #d0d7e2; padding: 10px;\">Jusqu&rsquo;\u00e0 d\u00e9sabonnement de la personne<\/td>\n<\/tr>\n<tr  style=\"background-color: #f7fbff;\">\n<td style=\"border: 1px solid #d0d7e2; padding: 10px;\">Salons<\/td>\n<td style=\"border: 1px solid #d0d7e2; padding: 10px;\">Prospection commerciale et suivi des contacts salons<\/td>\n<td style=\"border: 1px solid #d0d7e2; padding: 10px;\">Email, nom, pr\u00e9nom, num\u00e9ro de t\u00e9l\u00e9phone, soci\u00e9t\u00e9, identifiant du badge, fonction<\/td>\n<td style=\"border: 1px solid #d0d7e2; padding: 10px;\">Consentement<\/td>\n<td style=\"border: 1px solid #d0d7e2; padding: 10px;\">3 ans \u00e0 compter du dernier contact<\/td>\n<\/tr>\n<tr>\n<td rowspan=\"2\" style=\"border: 1px solid #d0d7e2; padding: 10px; vertical-align: middle\">Commercial<\/td>\n<td style=\"border: 1px solid #d0d7e2; padding: 10px;\">Prospection commerciale et relances<\/td>\n<td style=\"border: 1px solid #d0d7e2; padding: 10px;\">Nom, pr\u00e9nom, fonction, email, num\u00e9ro de t\u00e9l\u00e9phone, nom de l\u2019entreprise<\/td>\n<td style=\"border: 1px solid #d0d7e2; padding: 10px;\">Int\u00e9r\u00eats l\u00e9gitimes<\/td>\n<td style=\"border: 1px solid #d0d7e2; padding: 10px;\">3 ans \u00e0 compter du dernier contact \u00e9manant du prospect<\/td>\n<\/tr>\n<tr>\n<td style=\"border: 1px solid #d0d7e2; padding: 10px;\">Gestion de la relation client<\/td>\n<td style=\"border: 1px solid #d0d7e2; padding: 10px;\">Nom, pr\u00e9nom, fonction, email, num\u00e9ro de t\u00e9l\u00e9phone, nom de l\u2019entreprise, donn\u00e9es clients<\/td>\n<td style=\"border: 1px solid #d0d7e2; padding: 10px;\">Contrat ou mesures pr\u00e9contractuelles<\/td>\n<td style=\"border: 1px solid #d0d7e2; padding: 10px;\">3 ans \u00e0 l&rsquo;issue de la relation contractuelle pour les clients<\/td>\n<\/tr>\n<tr style=\"background-color: #f7fbff;\">\n<td style=\"border: 1px solid #d0d7e2; padding: 10px;\">Emailing<\/td>\n<td style=\"border: 1px solid #d0d7e2; padding: 10px;\">Envoi d\u2019emailing<\/td>\n<td style=\"border: 1px solid #d0d7e2; padding: 10px;\">Nom, pr\u00e9nom, email<\/td>\n<td style=\"border: 1px solid #d0d7e2; padding: 10px;\">Int\u00e9r\u00eats l\u00e9gitimes<\/td>\n<td style=\"border: 1px solid #d0d7e2; padding: 10px;\">Jusqu&rsquo;\u00e0 opposition de la personne<\/td>\n<\/tr>\n<tr>\n<td rowspan=\"2\" style=\"border: 1px solid #d0d7e2; padding: 10px;vertical-align: middle\">D\u00e9veloppement de logiciels<\/td>\n<td rowspan=\"2\" style=\"border: 1px solid #d0d7e2; padding: 10px;vertical-align: middle\">D\u00e9veloppement, maintenance et am\u00e9lioration des logiciels<\/td>\n<td style=\"border: 1px solid #d0d7e2; padding: 10px;\">Journaux d\u2019acc\u00e8s, logs et traces<\/td>\n<td style=\"border: 1px solid #d0d7e2; padding: 10px;\">Int\u00e9r\u00eats l\u00e9gitimes<\/td>\n<td style=\"border: 1px solid #d0d7e2; padding: 10px;\">Conservation des logs d&#39;exploitation et s\u00e9curit\u00e9 pendant 2 ans, logs courts remont\u00e9s selon n\u00e9cessit\u00e9 technique pendant 90 jours.<\/td>\n<\/tr>\n<tr>\n<td style=\"border: 1px solid #d0d7e2; padding: 10px;\">Comptes utilisateurs et identifiants<\/td>\n<td style=\"border: 1px solid #d0d7e2; padding: 10px;\">Contrat ou mesures pr\u00e9contractuelles<\/td>\n<td style=\"border: 1px solid #d0d7e2; padding: 10px;\">Conservation pendant la dur\u00e9e de la relation contractuelle puis 3 ans<\/td>\n<\/tr>\n<tr style=\"background-color: #f7fbff;\">\n<td rowspan=\"2\" style=\"border: 1px solid #d0d7e2; padding: 10px; vertical-align:middle\">Finances<\/td>\n<td style=\"border: 1px solid #d0d7e2; padding: 10px;\">Gestion fournisseurs et clients<\/td>\n<td rowspan=\"2\"  style=\"border: 1px solid #d0d7e2; padding: 10px; vertical-align:middle\">Coordonn\u00e9es du contact, raison sociale et adresse, n\u00b0 d\u2019identification (SIRET), factures<\/td>\n<td style=\"border: 1px solid #d0d7e2; padding: 10px;\">Contrat ou mesures pr\u00e9contractuelles<\/td>\n<td style=\"border: 1px solid #d0d7e2; padding: 10px;\">10 ans<\/td>\n<\/tr>\n<tr style=\"background-color: #f7fbff;\">\n<td style=\"border: 1px solid #d0d7e2; padding: 10px;\">Gestion comptable et fiscale<\/td>\n<td style=\"border: 1px solid #d0d7e2; padding: 10px;\">Obligation l\u00e9gale<\/td>\n<td style=\"border: 1px solid #d0d7e2; padding: 10px;\">10 ans<\/td>\n<\/tr>\n<tr>\n<td style=\"border: 1px solid #d0d7e2; padding: 10px;\">Recrutement<\/td>\n<td style=\"border: 1px solid #d0d7e2; padding: 10px;\">Gestion du recrutement<\/td>\n<td style=\"border: 1px solid #d0d7e2; padding: 10px;\">Nom, pr\u00e9nom, coordonn\u00e9es, CV, lettre de motivation<\/td>\n<td style=\"border: 1px solid #d0d7e2; padding: 10px;\">Contrat ou mesures pr\u00e9contractuelles<\/td>\n<td style=\"border: 1px solid #d0d7e2; padding: 10px;\">Le temps du processus de recrutement + 2 ans si consentement<\/td>\n<\/tr>\n<\/tbody>\n<\/table>\n<\/div>\n<h3>3\/ Qui est susceptible de traiter vos donn\u00e9es ?<\/h3>\n<p>En notre qualit\u00e9 de responsable de traitement, nous sommes les premiers destinataires de vos donn\u00e9es personnelles. Seuls les salari\u00e9s habilit\u00e9s peuvent avoir acc\u00e8s \u00e0 vos donn\u00e9es personnelles dans le cadre de leurs missions.<\/p>\n<p>Par ailleurs, vos donn\u00e9es pourront \u00eatre partag\u00e9es avec les destinataires susvis\u00e9s, plus particuli\u00e8rement, dans les situations et conditions suivantes :<\/p>\n<ul>\n<li>&#8211; Quand vous publiez, dans des zones de commentaires libres du site Internet de Perf ;<\/li>\n<li>&#8211; Quand vous acceptez le site d\u2019un tiers \u00e0 acc\u00e9der \u00e0 vos donn\u00e9es \u00e0 caract\u00e8re personnel, notamment avec le d\u00e9p\u00f4t des cookies ;<\/li>\n<li>&#8211; Quand Perf recourt aux services de prestataires pour fournir une assistance aux utilisateurs du site Internet. Ces prestataires disposent d\u2019un acc\u00e8s limit\u00e9 \u00e0 vos donn\u00e9es, dans le cadre de l\u2019ex\u00e9cution de ces prestations, et ont une obligation contractuelle de les utiliser en conformit\u00e9 avec les dispositions de la r\u00e9glementation applicable en mati\u00e8re de protection des donn\u00e9es \u00e0 caract\u00e8re personnel ;<\/li>\n<li>&#8211; Pour permettre \u00e0 Perf de respecter ses obligations l\u00e9gales et R\u00e9glementaires li\u00e9es aux fonctions que vous exercez au sein et\/ou pour Perf ;<\/li>\n<li>&#8211; Si la loi l\u2019exige, Perf peut transmettre vos donn\u00e9es pour donner suite aux r\u00e9clamations pr\u00e9sent\u00e9es contre Perf et se conformer aux proc\u00e9dures administratives et judiciaires ;<\/li>\n<\/ul>\n<p>Lorsque nous avons recours \u00e0 un prestataire externe, nous ne lui communiquons vos donn\u00e9es personnelles qu\u2019apr\u00e8s avoir obtenu des garanties sur sa capacit\u00e9 \u00e0 r\u00e9pondre aux exigences de s\u00e9curit\u00e9 et de confidentialit\u00e9. De plus, par la mise en place de mesures contractuelles, nous assurons que chaque prestataire traite des donn\u00e9es au regard des seules finalit\u00e9s initialement pr\u00e9vues, et dans le strict respect des obligations l\u00e9gales en mati\u00e8re de protection des donn\u00e9es.<\/p>\n<p>Des donn\u00e9es personnelles vous concernant sont transf\u00e9r\u00e9es en dehors de l\u2019Union europ\u00e9enne vers des pays dont la protection des donn\u00e9es personnelles est \u00e9quivalente \u00e0 celle fournie par l\u2019UE.<\/p>\n<h3>4\/ Comment est assur\u00e9e la s\u00e9curit\u00e9 de vos donn\u00e9es ?<\/h3>\n<p>Perf met en \u0153uvre des mesures organisationnelles, techniques, logicielles et physiques en mati\u00e8re de s\u00e9curit\u00e9 du num\u00e9rique et de confidentialit\u00e9 aux fins d\u2019assurer la protection de vos donn\u00e9es \u00e0 caract\u00e8re personnel qu\u2019il collecte, contre toute alt\u00e9ration, destruction ou acc\u00e8s non autoris\u00e9s \u00e0 vos donn\u00e9es.<\/p>\n<p>Perf prend toutes les pr\u00e9cautions utiles et n\u00e9cessaires au regard de la nature de vos donn\u00e9es et des risques pr\u00e9sent\u00e9s par le(s) traitement(s) qu\u2019elle r\u00e9alise, pour pr\u00e9server la s\u00e9curit\u00e9 de vos donn\u00e9es et emp\u00eacher leur d\u00e9formation, endommagement, ou leur acc\u00e8s par des tiers non autoris\u00e9s.<\/p>\n<p>En tout \u00e9tat de cause, toute violation de vos donn\u00e9es \u00e0 caract\u00e8re personnel, susceptible de produire un risque \u00e9lev\u00e9 vis-\u00e0-vis de vos droits et libert\u00e9s, vous sera notifi\u00e9e dans les meilleurs d\u00e9lais, conform\u00e9ment aux exigences l\u00e9gales et r\u00e9glementaires applicables.<\/p>\n<h3>5\/ Quels sont vos droits ?<\/h3>\n<p>I. Le contenu de vos droits<\/p>\n<p>Conform\u00e9ment \u00e0 la r\u00e8glementation en vigueur en mati\u00e8re de protection des donn\u00e9es, vous b\u00e9n\u00e9ficiez des droits suivants :<\/p>\n<ul>\n<li style=\"list-style-type: none;\">\n<ul>\n<li>\u25cf Un droit d\u2019acc\u00e8s<\/li>\n<\/ul>\n<\/li>\n<\/ul>\n<p>Il vous permet d\u2019obtenir les donn\u00e9es personnelles vous concernant dont disposent nos services, et de prendre connaissance du ou des<br \/>\ntraitements r\u00e9alis\u00e9s.<\/p>\n<ul>\n<li style=\"list-style-type: none;\">\n<ul>\n<li>\u25cf Un droit de rectification<\/li>\n<\/ul>\n<\/li>\n<\/ul>\n<p>Il vous permet de demander la modification des donn\u00e9es personnelles inexactes vous concernant.<\/p>\n<ul>\n<li style=\"list-style-type: none;\">\n<ul>\n<li>\u25cf Un droit \u00e0 l\u2019effacement<\/li>\n<\/ul>\n<\/li>\n<\/ul>\n<p>Il vous permet de demander la suppression des donn\u00e9es personnelles vous concernant.<\/p>\n<ul>\n<li style=\"list-style-type: none;\">\n<ul>\n<li>\u25cf Un droit \u00e0 la limitation du traitement de vos donn\u00e9es personnelles<\/li>\n<\/ul>\n<\/li>\n<\/ul>\n<p>Il vous permet de restreindre temporairement l\u2019utilisation de vos donn\u00e9es.<\/p>\n<ul>\n<li style=\"list-style-type: none;\">\n<ul>\n<li>\u25cf Un droit \u00e0 la portabilit\u00e9<\/li>\n<\/ul>\n<\/li>\n<\/ul>\n<p>Il vous permet de r\u00e9cup\u00e9rer une partie de vos donn\u00e9es personnelles dans un format structur\u00e9, couramment utilis\u00e9 et lisible par machine,<br \/>\nou de demander que ces donn\u00e9es personnelles soient transmises \u00e0 un autre responsable de traitement.<\/p>\n<ul>\n<li style=\"list-style-type: none;\">\n<ul>\n<li>\u25cf Un droit d\u2019opposition au traitement de vos donn\u00e9es personnelles<\/li>\n<\/ul>\n<\/li>\n<\/ul>\n<p>Il vous permet de vous opposer \u00e0 la collecte ou l\u2019utilisation de vos donn\u00e9es personnelles, pour des raisons tenant \u00e0 votre situation<br \/>\nparticuli\u00e8re. Dans certains cas, les champs suivis d\u2019un ast\u00e9risque (*) seront n\u00e9cessaires \u00e0 la fourniture d\u2019un service.<\/p>\n<ul>\n<li style=\"list-style-type: none;\">\n<ul>\n<li>\u25cf Un droit de retrait du consentement sp\u00e9cifique<\/li>\n<\/ul>\n<\/li>\n<\/ul>\n<p>Il vous permet de retirer votre consentement sp\u00e9cifique, \u00e0 tout moment, sans que cela impact votre acc\u00e8s \u00e0 nos services.<\/p>\n<ul>\n<li>\u25cf Un droit de d\u00e9finir des directives post-mortem<\/li>\n<\/ul>\n<p>Il vous permet de d\u00e9finir des directives relatives \u00e0 la conservation, \u00e0 l\u2019effacement et \u00e0 la communication de vos donn\u00e9es \u00e0 caract\u00e8re<br \/>\npersonnel \u00e0 compter de votre d\u00e9c\u00e8s.<\/p>\n<p>II. L\u2019exercice de vos droits :<\/p>\n<p>Ces droits peuvent \u00eatre exerc\u00e9s, sous r\u00e9serve du respect des conditions requises par la r\u00e8glementation applicable. Pour exercer vos droits,<br \/>\nvous pouvez\u00a0 :<\/p>\n<ul>\n<li>\u25cf Contacter notre D\u00e9l\u00e9gu\u00e9 \u00e0 la Protection des Donn\u00e9es par courriel \u00e0 l\u2019adresse dpo@perf-solutions.com<\/li>\n<li>\u25cf Envoyer votre demande par voie postale \u00e0 l\u2019adresse suivante : 5 Place des Alpes \u2013 75013 Paris<\/li>\n<\/ul>\n<p>Veuillez pr\u00e9ciser les modalit\u00e9s de votre demande, \u00e0 savoir :<\/p>\n<ul>\n<li>Vos coordonn\u00e9es ;<\/li>\n<li>\u25cf Le droit que vous souhaitez exercer ;<\/li>\n<li>\u25cf La port\u00e9e de votre demande ;<\/li>\n<li>\u25cf Toute autre pr\u00e9cision n\u00e9cessaire pour r\u00e9pondre au mieux \u00e0 votre demande.<\/li>\n<\/ul>\n<p>Toute demande d\u2019exercice de vos droits devra \u00eatre accompagn\u00e9e d\u2019\u00e9l\u00e9ments permettant de justifier votre identit\u00e9. En cas de doute raisonnable, une pi\u00e8ce d\u2019identit\u00e9 pourra vous \u00eatre demand\u00e9e.<\/p>\n<p>A l\u2019issue de l\u2019envoi de votre demande, un accus\u00e9 de r\u00e9ception vous sera envoy\u00e9. Une r\u00e9ponse vous sera adress\u00e9e dans les d\u00e9lais pr\u00e9vus par la R\u00e9glementation applicable en mati\u00e8re de protection des donn\u00e9es \u00e0 caract\u00e8re personnel.<\/p>\n<p>III. Introduction d\u2019une r\u00e9clamation<\/p>\n<p>\u00c0 la suite de nos \u00e9changes, si vous estimez que vos droits relatifs \u00e0 vos donn\u00e9es personnelles ne sont pas respect\u00e9s, vous pouvez introduire une r\u00e9clamation aupr\u00e8s de l\u2019autorit\u00e9 de contr\u00f4le fran\u00e7aise comp\u00e9tente en la mati\u00e8re, \u00e0 savoir la Commission Nationale de l\u2019Informatique et des Libert\u00e9s (CNIL) :<br \/>\n<a class=\"flat-link\" href=\"https:\/\/www.cnil.fr\/fr\/cnil-direct\/question\/adresser-une-reclamation-plainte-la-cnil-quelles-conditions-et-comment\" target=\"_blank\" rel=\"noopener\"><br \/>\nhttps:\/\/www.cnil.fr\/fr\/cnil-direct\/question\/adresser-une-reclamation-plainte-la-cnil-quelles-conditions-et-comment<br \/>\n<\/a><\/p>\n<p>Date de derni\u00e8re mise \u00e0 jour : mars 2026<\/p>","protected":false},"excerpt":{"rendered":"<p>1\/ Qui sommes-nous ? Dans le cadre de votre navigation sur le site, vous \u00eates amen\u00e9s \u00e0 fournir des donn\u00e9es personnelles vous concernant. Cette politique de confidentialit\u00e9 (ci-apr\u00e8s \u00ab politique \u00bb) vise \u00e0 vous informer sur les conditions dans lesquelles Perf ci-apr\u00e8s \u00ab Perf \u00bb ou \u00ab nous \u00bb), collecte et utilise vos donn\u00e9es personnelles. [&hellip;]<\/p>","protected":false},"author":1,"featured_media":0,"parent":0,"menu_order":0,"comment_status":"closed","ping_status":"closed","template":"content.php","meta":{"_acf_changed":false,"footnotes":""},"class_list":["post-647","page","type-page","status-publish","hentry"],"acf":[],"yoast_head":"<!-- This site is optimized with the Yoast SEO plugin v25.1 - https:\/\/yoast.com\/wordpress\/plugins\/seo\/ -->\n<title>Politique de confidentialit\u00e9 - PERF - R\u00e9inventer l\u2019efficacit\u00e9 industrielle<\/title>\n<meta name=\"robots\" content=\"index, follow, max-snippet:-1, max-image-preview:large, max-video-preview:-1\" \/>\n<link rel=\"canonical\" href=\"https:\/\/www.perf-solutions.com\/en\/politiques-de-confidentialite\/\" \/>\n<meta property=\"og:locale\" content=\"en_GB\" \/>\n<meta property=\"og:type\" content=\"article\" \/>\n<meta property=\"og:title\" content=\"Politique de confidentialit\u00e9 - PERF - R\u00e9inventer l\u2019efficacit\u00e9 industrielle\" \/>\n<meta property=\"og:description\" content=\"1\/ Qui sommes-nous ? Dans le cadre de votre navigation sur le site, vous \u00eates amen\u00e9s \u00e0 fournir des donn\u00e9es personnelles vous concernant. Cette politique de confidentialit\u00e9 (ci-apr\u00e8s \u00ab politique \u00bb) vise \u00e0 vous informer sur les conditions dans lesquelles Perf ci-apr\u00e8s \u00ab Perf \u00bb ou \u00ab nous \u00bb), collecte et utilise vos donn\u00e9es personnelles. [&hellip;]\" \/>\n<meta property=\"og:url\" content=\"https:\/\/www.perf-solutions.com\/en\/politiques-de-confidentialite\/\" \/>\n<meta property=\"og:site_name\" content=\"PERF - R\u00e9inventer l\u2019efficacit\u00e9 industrielle\" \/>\n<meta property=\"article:modified_time\" content=\"2026-04-09T09:16:56+00:00\" \/>\n<meta name=\"twitter:card\" content=\"summary_large_image\" \/>\n<meta name=\"twitter:label1\" content=\"Estimated reading time\" \/>\n\t<meta name=\"twitter:data1\" content=\"8 minutes\" \/>\n<script type=\"application\/ld+json\" class=\"yoast-schema-graph\">{\"@context\":\"https:\/\/schema.org\",\"@graph\":[{\"@type\":\"WebPage\",\"@id\":\"https:\/\/www.perf-solutions.com\/politiques-de-confidentialite\",\"url\":\"https:\/\/www.perf-solutions.com\/politiques-de-confidentialite\",\"name\":\"Politique de confidentialit\u00e9 - PERF - R\u00e9inventer l\u2019efficacit\u00e9 industrielle\",\"isPartOf\":{\"@id\":\"https:\/\/www.perf-solutions.com\/#website\"},\"datePublished\":\"2026-04-08T10:29:28+00:00\",\"dateModified\":\"2026-04-09T09:16:56+00:00\",\"breadcrumb\":{\"@id\":\"https:\/\/www.perf-solutions.com\/politiques-de-confidentialite#breadcrumb\"},\"inLanguage\":\"en-GB\",\"potentialAction\":[{\"@type\":\"ReadAction\",\"target\":[\"https:\/\/www.perf-solutions.com\/politiques-de-confidentialite\"]}]},{\"@type\":\"BreadcrumbList\",\"@id\":\"https:\/\/www.perf-solutions.com\/politiques-de-confidentialite#breadcrumb\",\"itemListElement\":[{\"@type\":\"ListItem\",\"position\":1,\"name\":\"Accueil\",\"item\":\"https:\/\/www.perf-solutions.com\/\"},{\"@type\":\"ListItem\",\"position\":2,\"name\":\"Politique de confidentialit\u00e9\"}]},{\"@type\":\"WebSite\",\"@id\":\"https:\/\/www.perf-solutions.com\/#website\",\"url\":\"https:\/\/www.perf-solutions.com\/\",\"name\":\"PERF - R\u00e9inventer l\u2019efficacit\u00e9 industrielle\",\"description\":\"Tous vos besoins de digitalisation industrielle, rassembl\u00e9s sur une m\u00eame plateforme\",\"potentialAction\":[{\"@type\":\"SearchAction\",\"target\":{\"@type\":\"EntryPoint\",\"urlTemplate\":\"https:\/\/www.perf-solutions.com\/?s={search_term_string}\"},\"query-input\":{\"@type\":\"PropertyValueSpecification\",\"valueRequired\":true,\"valueName\":\"search_term_string\"}}],\"inLanguage\":\"en-GB\"}]}<\/script>\n<!-- \/ Yoast SEO plugin. -->","yoast_head_json":{"title":"Politique de confidentialit\u00e9 - PERF - R\u00e9inventer l\u2019efficacit\u00e9 industrielle","robots":{"index":"index","follow":"follow","max-snippet":"max-snippet:-1","max-image-preview":"max-image-preview:large","max-video-preview":"max-video-preview:-1"},"canonical":"https:\/\/www.perf-solutions.com\/en\/politiques-de-confidentialite\/","og_locale":"en_GB","og_type":"article","og_title":"Politique de confidentialit\u00e9 - PERF - R\u00e9inventer l\u2019efficacit\u00e9 industrielle","og_description":"1\/ Qui sommes-nous ? Dans le cadre de votre navigation sur le site, vous \u00eates amen\u00e9s \u00e0 fournir des donn\u00e9es personnelles vous concernant. Cette politique de confidentialit\u00e9 (ci-apr\u00e8s \u00ab politique \u00bb) vise \u00e0 vous informer sur les conditions dans lesquelles Perf ci-apr\u00e8s \u00ab Perf \u00bb ou \u00ab nous \u00bb), collecte et utilise vos donn\u00e9es personnelles. [&hellip;]","og_url":"https:\/\/www.perf-solutions.com\/en\/politiques-de-confidentialite\/","og_site_name":"PERF - R\u00e9inventer l\u2019efficacit\u00e9 industrielle","article_modified_time":"2026-04-09T09:16:56+00:00","twitter_card":"summary_large_image","twitter_misc":{"Estimated reading time":"8 minutes"},"schema":{"@context":"https:\/\/schema.org","@graph":[{"@type":"WebPage","@id":"https:\/\/www.perf-solutions.com\/politiques-de-confidentialite","url":"https:\/\/www.perf-solutions.com\/politiques-de-confidentialite","name":"Politique de confidentialit\u00e9 - PERF - R\u00e9inventer l\u2019efficacit\u00e9 industrielle","isPartOf":{"@id":"https:\/\/www.perf-solutions.com\/#website"},"datePublished":"2026-04-08T10:29:28+00:00","dateModified":"2026-04-09T09:16:56+00:00","breadcrumb":{"@id":"https:\/\/www.perf-solutions.com\/politiques-de-confidentialite#breadcrumb"},"inLanguage":"en-GB","potentialAction":[{"@type":"ReadAction","target":["https:\/\/www.perf-solutions.com\/politiques-de-confidentialite"]}]},{"@type":"BreadcrumbList","@id":"https:\/\/www.perf-solutions.com\/politiques-de-confidentialite#breadcrumb","itemListElement":[{"@type":"ListItem","position":1,"name":"Accueil","item":"https:\/\/www.perf-solutions.com\/"},{"@type":"ListItem","position":2,"name":"Politique de confidentialit\u00e9"}]},{"@type":"WebSite","@id":"https:\/\/www.perf-solutions.com\/#website","url":"https:\/\/www.perf-solutions.com\/","name":"PERF - R\u00e9inventer l\u2019efficacit\u00e9 industrielle","description":"Tous vos besoins de digitalisation industrielle, rassembl\u00e9s sur une m\u00eame plateforme","potentialAction":[{"@type":"SearchAction","target":{"@type":"EntryPoint","urlTemplate":"https:\/\/www.perf-solutions.com\/?s={search_term_string}"},"query-input":{"@type":"PropertyValueSpecification","valueRequired":true,"valueName":"search_term_string"}}],"inLanguage":"en-GB"}]}},"_links":{"self":[{"href":"https:\/\/www.perf-solutions.com\/en\/wp-json\/wp\/v2\/pages\/647","targetHints":{"allow":["GET"]}}],"collection":[{"href":"https:\/\/www.perf-solutions.com\/en\/wp-json\/wp\/v2\/pages"}],"about":[{"href":"https:\/\/www.perf-solutions.com\/en\/wp-json\/wp\/v2\/types\/page"}],"author":[{"embeddable":true,"href":"https:\/\/www.perf-solutions.com\/en\/wp-json\/wp\/v2\/users\/1"}],"replies":[{"embeddable":true,"href":"https:\/\/www.perf-solutions.com\/en\/wp-json\/wp\/v2\/comments?post=647"}],"version-history":[{"count":30,"href":"https:\/\/www.perf-solutions.com\/en\/wp-json\/wp\/v2\/pages\/647\/revisions"}],"predecessor-version":[{"id":688,"href":"https:\/\/www.perf-solutions.com\/en\/wp-json\/wp\/v2\/pages\/647\/revisions\/688"}],"wp:attachment":[{"href":"https:\/\/www.perf-solutions.com\/en\/wp-json\/wp\/v2\/media?parent=647"}],"curies":[{"name":"wp","href":"https:\/\/api.w.org\/{rel}","templated":true}]}}