{"id":663,"date":"2026-04-08T12:40:50","date_gmt":"2026-04-08T10:40:50","guid":{"rendered":"https:\/\/www.perf-solutions.com\/?page_id=663"},"modified":"2026-04-08T12:45:11","modified_gmt":"2026-04-08T10:45:11","slug":"gestion-des-cookies","status":"publish","type":"page","link":"https:\/\/www.perf-solutions.com\/en\/gestion-des-cookies","title":{"rendered":"Gestion des cookies"},"content":{"rendered":"<h3>Utilisation de cookies<\/h3>\n<h4>1. G\u00e9n\u00e9ralit\u00e9s<\/h4>\n<p>Afin d\u2019offrir une bonne exp\u00e9rience utilisateur aux internautes consultant notre site et de permettre l\u2019utilisation de certaines fonctions, nous utilisons des cookies sur certaines pages. Un cookie est un fichier qui permet d\u2019enregistrer des informations relatives \u00e0 la navigation de votre ordinateur sur le site internet (ex. nombres de visites, nombre de pages vues\u2026) et permet notamment de faciliter vos visites sur le site.<\/p>\n<p>Vous pouvez \u00e0 tout moment supprimer les \u00ab cookies \u00bb install\u00e9s sur votre ordinateur, vous opposer \u00e0 l\u2019enregistrement de nouveaux \u00ab cookies \u00bb et recevoir une notification avant l\u2019installation d\u2019un nouveau cookie en configurant votre outil de navigation.<\/p>\n<h4>2. Comment configurer votre navigateur ?<\/h4>\n<p>Vous avez la possibilit\u00e9 de d\u00e9sactiver les cookies en vous rendant dans les param\u00e8tres de votre navigateur. Voici quelques liens concernant les navigateurs les plus courants pour vous guider dans cette d\u00e9marche :<\/p>\n<ul>\n<li><a class=\"flat-link\" href=\"https:\/\/support.google.com\/chrome\/answer\/95647?hl=fr\" target=\"_blank\" rel=\"noopener\">Google Chrome<\/a><\/li>\n<li><a class=\"flat-link\" href=\"https:\/\/support.mozilla.org\/fr\/kb\/protection-renforcee-contre-pistage-firefox-ordinateur?redirectslug=activer-desactiver-cookies&amp;redirectlocale=fr\" target=\"_blank\" rel=\"noopener\">Mozilla Firefox<\/a><\/li>\n<li><a class=\"flat-link\" href=\"https:\/\/support.apple.com\/fr-fr\/guide\/safari\/sfri11471\/mac\" target=\"_blank\" rel=\"noopener\">Safari<\/a><\/li>\n<li><a class=\"flat-link\" href=\"https:\/\/help.opera.com\/en\/latest\/web-preferences\/#cookies\" target=\"_blank\" rel=\"noopener\">Opera<\/a><\/li>\n<li><a class=\"flat-link\" href=\"https:\/\/support.microsoft.com\/fr-fr\/windows\/g%C3%A9rer-les-cookies-dans-microsoft-edge-afficher-autoriser-bloquer-supprimer-et-utiliser-168dab11-0753-043d-7c16-ede5947fc64d#ie=ie-11\" target=\"_blank\" rel=\"noopener\">Internet Explorer<\/a><\/li>\n<\/ul>\n<p>Il faut noter que le d\u00e9faut d\u2019autorisation des cookies peut emp\u00eacher, en tout ou partie, le fonctionnement correct du site internet <a class=\"flat-link\" href=\"\/en\/index.html\/\">perf-solutions.com<\/a>.<\/p>\n<h4>3. Types de cookies utilis\u00e9s<\/h4>\n<p>Divers types de cookies sont utilis\u00e9s :<\/p>\n<p>Des cookies destin\u00e9s \u00e0 g\u00e9rer globalement votre visite : session, acc\u00e8s au site, service demand\u00e9 et enregistrement de votre choix concernant les cookies Des cookies propos\u00e9s par des tiers permettant d\u2019acc\u00e9der \u00e0 des fonctions particuli\u00e8res (cartographie, r\u00e9seaux sociaux\u2026.) Des cookies \u00e0 finalit\u00e9 statistique.<\/p>\n<h4>4. Liste des cookies utilis\u00e9s et dur\u00e9e de conservation:<\/h4>\n<p>Concr\u00e8tement, nous utilisons les cookies list\u00e9s ci-dessous.<\/p>\n<p>Si aucune suppression n\u2019est r\u00e9alis\u00e9e par l\u2019utilisateur, le cookie est enregistr\u00e9 tant qu\u2019il est utilis\u00e9 (voir description sur le tableau ci-dessous). Ensuite, il est automatiquement supprim\u00e9 dans le d\u00e9lai indiqu\u00e9 sur le tableau.<\/p>\n<h4>4.1. Cookies de gestion de la visite<\/h4>\n<div class=\"table-container\">\n<table>\n<tbody>\n<tr>\n<th>Nom du cookie<\/th>\n<th>D\u00e9lai d&rsquo;expiration<\/th>\n<th>Description<\/th>\n<th>Comment refuser ?<\/th>\n<\/tr>\n<tr>\n<td>pll_language<\/td>\n<td>365 jours<\/td>\n<td>Le cookie enregistre vos param\u00e8tres linguistiques.<\/td>\n<td><\/td>\n<\/tr>\n<tr>\n<td>cookie_notice_accepted<\/td>\n<td>30 jours<\/td>\n<td>Le cookie enregistre vos pr\u00e9f\u00e9rences d\u2019acceptation des cookies.<\/td>\n<td>En n\u2019acceptant pas l\u2019utilisation des cookies sur la page d\u2019accueil et en param\u00e9trant votre navigateur dans ce but.<\/td>\n<\/tr>\n<\/tbody>\n<\/table>\n<\/div>\n<h4>4.2. Cookies propos\u00e9s par des tiers<\/h4>\n<p>Le site ne g\u00e9n\u00e8re pas de cookie li\u00e9 \u00e0 un service tiers autre que les statistiques fournies par Google Analytics.<\/p>\n<h4>4.3. Cookies \u00e0 finalit\u00e9 statistique<\/h4>\n<div class=\"table-container\">\n<table>\n<tbody>\n<tr>\n<th>Nom du cookie<\/th>\n<th>D\u00e9lai d&rsquo;expiration<\/th>\n<th>Description<\/th>\n<th>Comment refuser ?<\/th>\n<\/tr>\n<tr>\n<td>_ga<\/td>\n<td>365 jours<\/td>\n<td>Utilis\u00e9 pour diff\u00e9rencier les utilisateurs.<\/td>\n<td>Vous pouvez r\u00e9voquer \u00e0 tout moment la collecte des donn\u00e9es avec effet pour l\u2019avenir en utilisant l\u2019add-on de d\u00e9sactivation pour navigateur de Google Analytics \u00e0 l\u2019adresse <a href=\"https:\/\/tools.google.com\/dlpage\/gaoptout?hl=fr\" target=\"_blanck\">https:\/\/tools.google.com\/dlpage\/gaoptout?hl=fr<\/a>.<\/td>\n<\/tr>\n<tr>\n<td>_gid<\/td>\n<td>24 heures<\/td>\n<td>Utilis\u00e9 pour diff\u00e9rencier les utilisateurs.<\/td>\n<td><\/td>\n<\/tr>\n<tr>\n<td>_gat_gtag_UA_XXXXXXXXX_X<\/td>\n<td>1 minute<\/td>\n<td>Utilis\u00e9 pour r\u00e9duire le taux de demande.<\/td>\n<td><\/td>\n<\/tr>\n<\/tbody>\n<\/table>\n<\/div>","protected":false},"excerpt":{"rendered":"<p>Utilisation de cookies 1. G\u00e9n\u00e9ralit\u00e9s Afin d\u2019offrir une bonne exp\u00e9rience utilisateur aux internautes consultant notre site et de permettre l\u2019utilisation de certaines fonctions, nous utilisons des cookies sur certaines pages. Un cookie est un fichier qui permet d\u2019enregistrer des informations relatives \u00e0 la navigation de votre ordinateur sur le site internet (ex. nombres de visites, [&hellip;]<\/p>","protected":false},"author":1,"featured_media":0,"parent":0,"menu_order":0,"comment_status":"closed","ping_status":"closed","template":"content.php","meta":{"_acf_changed":false,"footnotes":""},"class_list":["post-663","page","type-page","status-publish","hentry"],"acf":[],"yoast_head":"<!-- This site is optimized with the Yoast SEO plugin v25.1 - https:\/\/yoast.com\/wordpress\/plugins\/seo\/ -->\n<title>Gestion des cookies - PERF - R\u00e9inventer l\u2019efficacit\u00e9 industrielle<\/title>\n<meta name=\"robots\" content=\"index, follow, max-snippet:-1, max-image-preview:large, max-video-preview:-1\" \/>\n<link rel=\"canonical\" href=\"https:\/\/www.perf-solutions.com\/en\/gestion-des-cookies\/\" \/>\n<meta property=\"og:locale\" content=\"en_GB\" \/>\n<meta property=\"og:type\" content=\"article\" \/>\n<meta property=\"og:title\" content=\"Gestion des cookies - PERF - R\u00e9inventer l\u2019efficacit\u00e9 industrielle\" \/>\n<meta property=\"og:description\" content=\"Utilisation de cookies 1. G\u00e9n\u00e9ralit\u00e9s Afin d\u2019offrir une bonne exp\u00e9rience utilisateur aux internautes consultant notre site et de permettre l\u2019utilisation de certaines fonctions, nous utilisons des cookies sur certaines pages. Un cookie est un fichier qui permet d\u2019enregistrer des informations relatives \u00e0 la navigation de votre ordinateur sur le site internet (ex. nombres de visites, [&hellip;]\" \/>\n<meta property=\"og:url\" content=\"https:\/\/www.perf-solutions.com\/en\/gestion-des-cookies\/\" \/>\n<meta property=\"og:site_name\" content=\"PERF - R\u00e9inventer l\u2019efficacit\u00e9 industrielle\" \/>\n<meta property=\"article:modified_time\" content=\"2026-04-08T10:45:11+00:00\" \/>\n<meta name=\"twitter:card\" content=\"summary_large_image\" \/>\n<meta name=\"twitter:label1\" content=\"Estimated reading time\" \/>\n\t<meta name=\"twitter:data1\" content=\"3 minutes\" \/>\n<script type=\"application\/ld+json\" class=\"yoast-schema-graph\">{\"@context\":\"https:\/\/schema.org\",\"@graph\":[{\"@type\":\"WebPage\",\"@id\":\"https:\/\/www.perf-solutions.com\/gestion-des-cookies\",\"url\":\"https:\/\/www.perf-solutions.com\/gestion-des-cookies\",\"name\":\"Gestion des cookies - PERF - R\u00e9inventer l\u2019efficacit\u00e9 industrielle\",\"isPartOf\":{\"@id\":\"https:\/\/www.perf-solutions.com\/#website\"},\"datePublished\":\"2026-04-08T10:40:50+00:00\",\"dateModified\":\"2026-04-08T10:45:11+00:00\",\"breadcrumb\":{\"@id\":\"https:\/\/www.perf-solutions.com\/gestion-des-cookies#breadcrumb\"},\"inLanguage\":\"en-GB\",\"potentialAction\":[{\"@type\":\"ReadAction\",\"target\":[\"https:\/\/www.perf-solutions.com\/gestion-des-cookies\"]}]},{\"@type\":\"BreadcrumbList\",\"@id\":\"https:\/\/www.perf-solutions.com\/gestion-des-cookies#breadcrumb\",\"itemListElement\":[{\"@type\":\"ListItem\",\"position\":1,\"name\":\"Accueil\",\"item\":\"https:\/\/www.perf-solutions.com\/\"},{\"@type\":\"ListItem\",\"position\":2,\"name\":\"Gestion des cookies\"}]},{\"@type\":\"WebSite\",\"@id\":\"https:\/\/www.perf-solutions.com\/#website\",\"url\":\"https:\/\/www.perf-solutions.com\/\",\"name\":\"PERF - R\u00e9inventer l\u2019efficacit\u00e9 industrielle\",\"description\":\"Tous vos besoins de digitalisation industrielle, rassembl\u00e9s sur une m\u00eame plateforme\",\"potentialAction\":[{\"@type\":\"SearchAction\",\"target\":{\"@type\":\"EntryPoint\",\"urlTemplate\":\"https:\/\/www.perf-solutions.com\/?s={search_term_string}\"},\"query-input\":{\"@type\":\"PropertyValueSpecification\",\"valueRequired\":true,\"valueName\":\"search_term_string\"}}],\"inLanguage\":\"en-GB\"}]}<\/script>\n<!-- \/ Yoast SEO plugin. -->","yoast_head_json":{"title":"Gestion des cookies - PERF - R\u00e9inventer l\u2019efficacit\u00e9 industrielle","robots":{"index":"index","follow":"follow","max-snippet":"max-snippet:-1","max-image-preview":"max-image-preview:large","max-video-preview":"max-video-preview:-1"},"canonical":"https:\/\/www.perf-solutions.com\/en\/gestion-des-cookies\/","og_locale":"en_GB","og_type":"article","og_title":"Gestion des cookies - PERF - R\u00e9inventer l\u2019efficacit\u00e9 industrielle","og_description":"Utilisation de cookies 1. G\u00e9n\u00e9ralit\u00e9s Afin d\u2019offrir une bonne exp\u00e9rience utilisateur aux internautes consultant notre site et de permettre l\u2019utilisation de certaines fonctions, nous utilisons des cookies sur certaines pages. Un cookie est un fichier qui permet d\u2019enregistrer des informations relatives \u00e0 la navigation de votre ordinateur sur le site internet (ex. nombres de visites, [&hellip;]","og_url":"https:\/\/www.perf-solutions.com\/en\/gestion-des-cookies\/","og_site_name":"PERF - R\u00e9inventer l\u2019efficacit\u00e9 industrielle","article_modified_time":"2026-04-08T10:45:11+00:00","twitter_card":"summary_large_image","twitter_misc":{"Estimated reading time":"3 minutes"},"schema":{"@context":"https:\/\/schema.org","@graph":[{"@type":"WebPage","@id":"https:\/\/www.perf-solutions.com\/gestion-des-cookies","url":"https:\/\/www.perf-solutions.com\/gestion-des-cookies","name":"Gestion des cookies - PERF - R\u00e9inventer l\u2019efficacit\u00e9 industrielle","isPartOf":{"@id":"https:\/\/www.perf-solutions.com\/#website"},"datePublished":"2026-04-08T10:40:50+00:00","dateModified":"2026-04-08T10:45:11+00:00","breadcrumb":{"@id":"https:\/\/www.perf-solutions.com\/gestion-des-cookies#breadcrumb"},"inLanguage":"en-GB","potentialAction":[{"@type":"ReadAction","target":["https:\/\/www.perf-solutions.com\/gestion-des-cookies"]}]},{"@type":"BreadcrumbList","@id":"https:\/\/www.perf-solutions.com\/gestion-des-cookies#breadcrumb","itemListElement":[{"@type":"ListItem","position":1,"name":"Accueil","item":"https:\/\/www.perf-solutions.com\/"},{"@type":"ListItem","position":2,"name":"Gestion des cookies"}]},{"@type":"WebSite","@id":"https:\/\/www.perf-solutions.com\/#website","url":"https:\/\/www.perf-solutions.com\/","name":"PERF - R\u00e9inventer l\u2019efficacit\u00e9 industrielle","description":"Tous vos besoins de digitalisation industrielle, rassembl\u00e9s sur une m\u00eame plateforme","potentialAction":[{"@type":"SearchAction","target":{"@type":"EntryPoint","urlTemplate":"https:\/\/www.perf-solutions.com\/?s={search_term_string}"},"query-input":{"@type":"PropertyValueSpecification","valueRequired":true,"valueName":"search_term_string"}}],"inLanguage":"en-GB"}]}},"_links":{"self":[{"href":"https:\/\/www.perf-solutions.com\/en\/wp-json\/wp\/v2\/pages\/663","targetHints":{"allow":["GET"]}}],"collection":[{"href":"https:\/\/www.perf-solutions.com\/en\/wp-json\/wp\/v2\/pages"}],"about":[{"href":"https:\/\/www.perf-solutions.com\/en\/wp-json\/wp\/v2\/types\/page"}],"author":[{"embeddable":true,"href":"https:\/\/www.perf-solutions.com\/en\/wp-json\/wp\/v2\/users\/1"}],"replies":[{"embeddable":true,"href":"https:\/\/www.perf-solutions.com\/en\/wp-json\/wp\/v2\/comments?post=663"}],"version-history":[{"count":4,"href":"https:\/\/www.perf-solutions.com\/en\/wp-json\/wp\/v2\/pages\/663\/revisions"}],"predecessor-version":[{"id":670,"href":"https:\/\/www.perf-solutions.com\/en\/wp-json\/wp\/v2\/pages\/663\/revisions\/670"}],"wp:attachment":[{"href":"https:\/\/www.perf-solutions.com\/en\/wp-json\/wp\/v2\/media?parent=663"}],"curies":[{"name":"wp","href":"https:\/\/api.w.org\/{rel}","templated":true}]}}